{"id":3672,"date":"2019-05-20T11:06:56","date_gmt":"2019-05-20T09:06:56","guid":{"rendered":"https:\/\/www.hijob.me\/business\/?page_id=3672"},"modified":"2019-05-20T11:06:56","modified_gmt":"2019-05-20T09:06:56","slug":"faq-kandidaten","status":"publish","type":"page","link":"https:\/\/www.hijob.me\/business\/faq-kandidaten\/","title":{"rendered":"FAQ Kandidaten"},"content":{"rendered":"<p><a href=\"https:\/\/www.hijob.me\/business\" data-id-d=\"1\" data-img-style=\"\"><img loading=\"lazy\" decoding=\"async\" src=\"https:\/\/www.hijob.me\/business\/wp-content\/uploads\/2023\/06\/Logo-light.png\" height=\"118\" width=\"257\" alt=\"hijob_Logo_Weiss2_Web\" style=\"\"><\/img><\/a><!----><!----><!----><!----><!----><!----><!----><span _ngcontent-fsa-c0=\"\">Lebenslauf hochladen<\/span><!----><!----><span _ngcontent-fsa-c0=\"\">CV hochladen<\/span><!----><\/p>\n<h1 style=\"\">H\u00e4ufig gestellte Fragen \/ FAQ<\/h1>\n<h2 style=\"\">Registrierung \/ Login<\/h2>\n<p>[hrf_faqs category=&#8217;registrierung-login&#8217;]<\/p>\n<h2 style=\"\">Profil<\/h2>\n<p>[hrf_faqs category=&#8217;profil&#8217;]<\/p>\n<h2 style=\"\">Matching<\/h2>\n<p>[hrf_faqs category=&#8217;matching-de&#8217;]<\/p>\n<h2 style=\"\">Bewerbung<\/h2>\n<p>[hrf_faqs category=&#8217;bewerbung&#8217;]<\/p>\n<h2 style=\"text-align: left;\">Du hast noch Fragen? Dann schreib uns.<\/h2>\n<p style=\"text-align: center;\">Mit dem Absenden dieses Formulars best\u00e4tige ich, dass ich die&nbsp;<a href=\"https:\/\/www.hijob.me\/de\/privacy-policy\" style=\"outline: none;\" target=\"_blank\" rel=\"noopener\">Datenschutzerkl\u00e4rung<\/a> gelesen habe und mit der Verarbeitung meiner personenbezogenen Daten durch hijob f\u00fcr die angegebenen Zwecke einverstanden bin. Ich kann meine Einwilligung jederzeit widerrufen.&nbsp;<\/p>\n<p style=\"\">Wir werden uns bem\u00fchen, dir schnellstm\u00f6glich zu helfen.<\/p>\n<p style=\"\">\n<p style=\"\">An Wochenenden und Feiertagen bitten wir um Geduld bis zum n\u00e4chsten Werktag.<\/p>\n<p style=\"\">\n<p style=\"\">Vielen Dank!<\/p>\n<p><span style=\"width: 100%;\"><img decoding=\"async\" alt=\"hijob_Logo_Weiss2_Web\" title=\"hijob_Logo_Weiss2_Web\" data-id=\"619\" src=\"https:\/\/www.hijob.me\/business\/wp-content\/uploads\/2017\/12\/hijob_Logo_Weiss2_Web.png\" style=\"aspect-ratio: auto 300 \/ 150;\" pagespeed_url_hash=\"3566331146\" onload=\"pagespeed.CriticalImages.checkImageForCriticality(this);\" data-width=\"97\" data-height=\"49\" data-init-width=\"300\" data-init-height=\"150\" loading=\"lazy\" width=\"97\" height=\"49\"><\/span><\/p>\n<p style=\"\"><strong>hijob GmbH<\/strong><\/p>\n<p style=\"\">Krafthaus im Rheinauhafen<\/p>\n<p style=\"\">Anna-Schneider-Steig 2<\/p>\n<p style=\"\">50678 K\u00f6ln<\/p>\n<p style=\"text-align: left;\"><strong>F\u00fcr Talente<\/strong><\/p>\n<p style=\"text-align: left;\"><a href=\"https:\/\/www.hijob.me\/treesforjobs\" style=\"outline: none;\"><\/a><a href=\"https:\/\/www.hijob.me\/\" style=\"outline: none;\">F\u00fcr Talente<\/a><\/p>\n<p style=\"text-align: left;\"><a href=\"\/business\/helden-der-arbeit\/\" style=\"outline: none;\" target=\"_blank\" rel=\"noopener\">Helden der Arbeit Podcast<\/a><\/p>\n<p style=\"text-align: left;\"><a href=\"\/business\/faq-kandidaten\/\" style=\"outline: none;\">FAQ f\u00fcr Talente<\/a><\/p>\n<p style=\"text-align: left;\"><a href=\"\/business\/faq-kandidaten\/#kontakt\" style=\"outline: none;\">Kontakt<\/a><\/p>\n<p style=\"text-align: left;\"><strong>F\u00fcr Unternehmen<\/strong><\/p>\n<p style=\"text-align: left;\"><a href=\"https:\/\/www.hijob.me\/business\/ueber-uns\/\" style=\"outline: none;\"><\/a><a href=\"https:\/\/www.hijob.me\/treesforjobs\" style=\"outline: none;\"><\/a><a href=\"\/business\/\" target=\"_blank\" style=\"outline: none;\" rel=\"noopener\">F\u00fcr Unternehmen<\/a><\/p>\n<p style=\"\"><a href=\"https:\/\/www.hijob.me\/blog\/\" style=\"outline: none;\" target=\"_blank\" rel=\"noopener\"><\/a><a href=\"https:\/\/www.hijob.me\/treesforjobs\" style=\"outline: none;\">#TreesForJobs<\/a><\/p>\n<p style=\"\"><a href=\"#tve-jump-1702fc00fe5\" style=\"outline: none;\" jump-animation=\"smooth\"><\/a><a href=\"\/business\/faq-hijob-unternehmen\/\" style=\"outline: none;\">FAQ f\u00fcr Unternehmen<\/a><\/p>\n<p style=\"\"><a href=\"\/business\/#preise\" style=\"outline: none;\">Preise<\/a><\/p>\n<p style=\"\"><a href=\"https:\/\/www.hijob.me\/de\/privacy-policy\" style=\"outline: none;\" target=\"_blank\" rel=\"noopener\"><\/a><a href=\"\/business\/faq-select\/#kontakt\" style=\"outline: none;\">Kontakt<\/a><\/p>\n<p style=\"\"><strong>\u00dcber hijob<\/strong><\/p>\n<p style=\"\"><a href=\"\/business\/ueber-uns\/\" style=\"outline: none;\">\u00dcber uns<\/a><\/p>\n<p style=\"\"><a href=\"https:\/\/www.hijob.me\/blog\/\" style=\"outline: none;\" target=\"_blank\" rel=\"noopener\">Blog<\/a><\/p>\n<p style=\"\"><a href=\"https:\/\/www.hijob.me\/de\/imprint\" style=\"outline: none;\">Impressum<\/a><\/p>\n<p style=\"\"><a href=\"https:\/\/www.hijob.me\/de\/imprint\" style=\"outline: none;\"><\/a><a href=\"https:\/\/www.hijob.me\/de\/privacy-policy\" target=\"_blank\" style=\"outline: none;\" rel=\"noopener\">Datenschutz<\/a><\/p>\n<p style=\"\"><a href=\"https:\/\/www.hijob.me\/de\/terms-of-use\" style=\"outline: none;\" target=\"_blank\" rel=\"noopener\">AGB<\/a><\/p>\n<p><a href=\"https:\/\/www.facebook.com\/hijob.me\/\" target=\"_blank\" rel=\"noopener\"><\/a><a href=\"https:\/\/www.linkedin.com\/company\/hijob-gmbh\/\" target=\"_blank\" rel=\"noopener\"><\/a><a href=\"https:\/\/twitter.com\/hijob_me\" target=\"_blank\" rel=\"noopener\"><\/a><a href=\"https:\/\/www.instagram.com\/hijob.de\/\" target=\"_blank\" rel=\"noopener\"><\/a><\/p>\n<p style=\"text-align: center;\"><span><em><span style=\"font-size: 12px;\">made with love in Cologne<\/span><\/em><\/span><span><em><span style=\"font-size: 12px;\"><\/span><\/em><\/span><span><em><span style=\"font-size: 12px;\">\u00a9 hijob 2015 &#8211; 2030<\/span><\/em><\/span><\/p>\n","protected":false},"excerpt":{"rendered":"<p>Lebenslauf hochladenCV hochladen H\u00e4ufig gestellte Fragen \/ FAQ Registrierung \/ Login [hrf_faqs category=&#8217;registrierung-login&#8217;] Profil [hrf_faqs category=&#8217;profil&#8217;] Matching [hrf_faqs category=&#8217;matching-de&#8217;] Bewerbung [hrf_faqs category=&#8217;bewerbung&#8217;] Du hast noch Fragen? Dann schreib uns. Mit dem Absenden dieses Formulars best\u00e4tige ich, dass ich die&nbsp;Datenschutzerkl\u00e4rung gelesen habe und mit der Verarbeitung meiner personenbezogenen Daten durch hijob f\u00fcr die angegebenen Zwecke einverstanden [&hellip;]<\/p>\n","protected":false},"author":2,"featured_media":0,"parent":0,"menu_order":0,"comment_status":"closed","ping_status":"closed","template":"","meta":{"footnotes":""},"class_list":["post-3672","page","type-page","status-publish","hentry","post-wrapper","thrv_wrapper"],"yoast_head":"<!-- This site is optimized with the Yoast SEO plugin v27.3 - https:\/\/yoast.com\/product\/yoast-seo-wordpress\/ -->\n<title>FAQ Kandidaten - VEGA - Safe AI f\u00fcr Recruiting von hijob<\/title>\n<meta name=\"robots\" content=\"index, follow, max-snippet:-1, max-image-preview:large, max-video-preview:-1\" \/>\n<link rel=\"canonical\" href=\"https:\/\/www.hijob.me\/business\/faq-kandidaten\/\" \/>\n<meta property=\"og:locale\" content=\"en_US\" \/>\n<meta property=\"og:type\" content=\"article\" \/>\n<meta property=\"og:title\" content=\"FAQ Kandidaten - VEGA - Safe AI f\u00fcr Recruiting von hijob\" \/>\n<meta property=\"og:description\" content=\"Lebenslauf hochladenCV hochladen H\u00e4ufig gestellte Fragen \/ FAQ Registrierung \/ Login [hrf_faqs category=&#8217;registrierung-login&#8217;] Profil [hrf_faqs category=&#8217;profil&#8217;] Matching [hrf_faqs category=&#8217;matching-de&#8217;] Bewerbung [hrf_faqs category=&#8217;bewerbung&#8217;] Du hast noch Fragen? Dann schreib uns. Mit dem Absenden dieses Formulars best\u00e4tige ich, dass ich die&nbsp;Datenschutzerkl\u00e4rung gelesen habe und mit der Verarbeitung meiner personenbezogenen Daten durch hijob f\u00fcr die angegebenen Zwecke einverstanden [&hellip;]\" \/>\n<meta property=\"og:url\" content=\"https:\/\/www.hijob.me\/business\/faq-kandidaten\/\" \/>\n<meta property=\"og:site_name\" content=\"VEGA - Safe AI f\u00fcr Recruiting von hijob\" \/>\n<meta property=\"article:publisher\" content=\"https:\/\/www.facebook.com\/hijob.me\" \/>\n<meta property=\"og:image\" content=\"https:\/\/www.hijob.me\/business\/wp-content\/uploads\/2023\/06\/Logo-light.png\" \/>\n<meta name=\"twitter:card\" content=\"summary_large_image\" \/>\n<meta name=\"twitter:site\" content=\"@hijob_me\" \/>\n<meta name=\"twitter:label1\" content=\"Est. reading time\" \/>\n\t<meta name=\"twitter:data1\" content=\"1 minute\" \/>\n<script type=\"application\/ld+json\" class=\"yoast-schema-graph\">{\"@context\":\"https:\\\/\\\/schema.org\",\"@graph\":[{\"@type\":\"WebPage\",\"@id\":\"https:\\\/\\\/www.hijob.me\\\/business\\\/faq-kandidaten\\\/\",\"url\":\"https:\\\/\\\/www.hijob.me\\\/business\\\/faq-kandidaten\\\/\",\"name\":\"FAQ Kandidaten - VEGA - Safe AI f\u00fcr Recruiting von hijob\",\"isPartOf\":{\"@id\":\"https:\\\/\\\/www.hijob.me\\\/business\\\/#website\"},\"primaryImageOfPage\":{\"@id\":\"https:\\\/\\\/www.hijob.me\\\/business\\\/faq-kandidaten\\\/#primaryimage\"},\"image\":{\"@id\":\"https:\\\/\\\/www.hijob.me\\\/business\\\/faq-kandidaten\\\/#primaryimage\"},\"thumbnailUrl\":\"https:\\\/\\\/www.hijob.me\\\/business\\\/wp-content\\\/uploads\\\/2023\\\/06\\\/Logo-light.png\",\"datePublished\":\"2019-05-20T09:06:56+00:00\",\"breadcrumb\":{\"@id\":\"https:\\\/\\\/www.hijob.me\\\/business\\\/faq-kandidaten\\\/#breadcrumb\"},\"inLanguage\":\"en-US\",\"potentialAction\":[{\"@type\":\"ReadAction\",\"target\":[\"https:\\\/\\\/www.hijob.me\\\/business\\\/faq-kandidaten\\\/\"]}]},{\"@type\":\"ImageObject\",\"inLanguage\":\"en-US\",\"@id\":\"https:\\\/\\\/www.hijob.me\\\/business\\\/faq-kandidaten\\\/#primaryimage\",\"url\":\"https:\\\/\\\/www.hijob.me\\\/business\\\/wp-content\\\/uploads\\\/2023\\\/06\\\/Logo-light.png\",\"contentUrl\":\"https:\\\/\\\/www.hijob.me\\\/business\\\/wp-content\\\/uploads\\\/2023\\\/06\\\/Logo-light.png\"},{\"@type\":\"BreadcrumbList\",\"@id\":\"https:\\\/\\\/www.hijob.me\\\/business\\\/faq-kandidaten\\\/#breadcrumb\",\"itemListElement\":[{\"@type\":\"ListItem\",\"position\":1,\"name\":\"Home\",\"item\":\"https:\\\/\\\/www.hijob.me\\\/business\\\/\"},{\"@type\":\"ListItem\",\"position\":2,\"name\":\"FAQ Kandidaten\"}]},{\"@type\":\"WebSite\",\"@id\":\"https:\\\/\\\/www.hijob.me\\\/business\\\/#website\",\"url\":\"https:\\\/\\\/www.hijob.me\\\/business\\\/\",\"name\":\"VEGA - Safe AI f\u00fcr Recruiting von hijob\",\"description\":\"Unsere f\u00fcr Recruiter*innen entwickelte VEGA liefert Ihnen die Informationen, effizienter zu recruitieren.\",\"publisher\":{\"@id\":\"https:\\\/\\\/www.hijob.me\\\/business\\\/#organization\"},\"potentialAction\":[{\"@type\":\"SearchAction\",\"target\":{\"@type\":\"EntryPoint\",\"urlTemplate\":\"https:\\\/\\\/www.hijob.me\\\/business\\\/?s={search_term_string}\"},\"query-input\":{\"@type\":\"PropertyValueSpecification\",\"valueRequired\":true,\"valueName\":\"search_term_string\"}}],\"inLanguage\":\"en-US\"},{\"@type\":\"Organization\",\"@id\":\"https:\\\/\\\/www.hijob.me\\\/business\\\/#organization\",\"name\":\"VEGA - Safe AI f\u00fcr Recruiting von hijob\",\"url\":\"https:\\\/\\\/www.hijob.me\\\/business\\\/\",\"logo\":{\"@type\":\"ImageObject\",\"inLanguage\":\"en-US\",\"@id\":\"https:\\\/\\\/www.hijob.me\\\/business\\\/#\\\/schema\\\/logo\\\/image\\\/\",\"url\":\"https:\\\/\\\/www.hijob.me\\\/business\\\/wp-content\\\/uploads\\\/2024\\\/08\\\/hijob-logo-square-white-800.jpeg\",\"contentUrl\":\"https:\\\/\\\/www.hijob.me\\\/business\\\/wp-content\\\/uploads\\\/2024\\\/08\\\/hijob-logo-square-white-800.jpeg\",\"width\":800,\"height\":800,\"caption\":\"VEGA - Safe AI f\u00fcr Recruiting von hijob\"},\"image\":{\"@id\":\"https:\\\/\\\/www.hijob.me\\\/business\\\/#\\\/schema\\\/logo\\\/image\\\/\"},\"sameAs\":[\"https:\\\/\\\/www.facebook.com\\\/hijob.me\",\"https:\\\/\\\/x.com\\\/hijob_me\",\"https:\\\/\\\/www.linkedin.com\\\/company\\\/hijob-gmbh\"]}]}<\/script>\n<!-- \/ Yoast SEO plugin. -->","yoast_head_json":{"title":"FAQ Kandidaten - VEGA - Safe AI f\u00fcr Recruiting von hijob","robots":{"index":"index","follow":"follow","max-snippet":"max-snippet:-1","max-image-preview":"max-image-preview:large","max-video-preview":"max-video-preview:-1"},"canonical":"https:\/\/www.hijob.me\/business\/faq-kandidaten\/","og_locale":"en_US","og_type":"article","og_title":"FAQ Kandidaten - VEGA - Safe AI f\u00fcr Recruiting von hijob","og_description":"Lebenslauf hochladenCV hochladen H\u00e4ufig gestellte Fragen \/ FAQ Registrierung \/ Login [hrf_faqs category=&#8217;registrierung-login&#8217;] Profil [hrf_faqs category=&#8217;profil&#8217;] Matching [hrf_faqs category=&#8217;matching-de&#8217;] Bewerbung [hrf_faqs category=&#8217;bewerbung&#8217;] Du hast noch Fragen? Dann schreib uns. Mit dem Absenden dieses Formulars best\u00e4tige ich, dass ich die&nbsp;Datenschutzerkl\u00e4rung gelesen habe und mit der Verarbeitung meiner personenbezogenen Daten durch hijob f\u00fcr die angegebenen Zwecke einverstanden [&hellip;]","og_url":"https:\/\/www.hijob.me\/business\/faq-kandidaten\/","og_site_name":"VEGA - Safe AI f\u00fcr Recruiting von hijob","article_publisher":"https:\/\/www.facebook.com\/hijob.me","og_image":[{"url":"https:\/\/www.hijob.me\/business\/wp-content\/uploads\/2023\/06\/Logo-light.png","type":"","width":"","height":""}],"twitter_card":"summary_large_image","twitter_site":"@hijob_me","twitter_misc":{"Est. reading time":"1 minute"},"schema":{"@context":"https:\/\/schema.org","@graph":[{"@type":"WebPage","@id":"https:\/\/www.hijob.me\/business\/faq-kandidaten\/","url":"https:\/\/www.hijob.me\/business\/faq-kandidaten\/","name":"FAQ Kandidaten - VEGA - Safe AI f\u00fcr Recruiting von hijob","isPartOf":{"@id":"https:\/\/www.hijob.me\/business\/#website"},"primaryImageOfPage":{"@id":"https:\/\/www.hijob.me\/business\/faq-kandidaten\/#primaryimage"},"image":{"@id":"https:\/\/www.hijob.me\/business\/faq-kandidaten\/#primaryimage"},"thumbnailUrl":"https:\/\/www.hijob.me\/business\/wp-content\/uploads\/2023\/06\/Logo-light.png","datePublished":"2019-05-20T09:06:56+00:00","breadcrumb":{"@id":"https:\/\/www.hijob.me\/business\/faq-kandidaten\/#breadcrumb"},"inLanguage":"en-US","potentialAction":[{"@type":"ReadAction","target":["https:\/\/www.hijob.me\/business\/faq-kandidaten\/"]}]},{"@type":"ImageObject","inLanguage":"en-US","@id":"https:\/\/www.hijob.me\/business\/faq-kandidaten\/#primaryimage","url":"https:\/\/www.hijob.me\/business\/wp-content\/uploads\/2023\/06\/Logo-light.png","contentUrl":"https:\/\/www.hijob.me\/business\/wp-content\/uploads\/2023\/06\/Logo-light.png"},{"@type":"BreadcrumbList","@id":"https:\/\/www.hijob.me\/business\/faq-kandidaten\/#breadcrumb","itemListElement":[{"@type":"ListItem","position":1,"name":"Home","item":"https:\/\/www.hijob.me\/business\/"},{"@type":"ListItem","position":2,"name":"FAQ Kandidaten"}]},{"@type":"WebSite","@id":"https:\/\/www.hijob.me\/business\/#website","url":"https:\/\/www.hijob.me\/business\/","name":"VEGA - Safe AI f\u00fcr Recruiting von hijob","description":"Unsere f\u00fcr Recruiter*innen entwickelte VEGA liefert Ihnen die Informationen, effizienter zu recruitieren.","publisher":{"@id":"https:\/\/www.hijob.me\/business\/#organization"},"potentialAction":[{"@type":"SearchAction","target":{"@type":"EntryPoint","urlTemplate":"https:\/\/www.hijob.me\/business\/?s={search_term_string}"},"query-input":{"@type":"PropertyValueSpecification","valueRequired":true,"valueName":"search_term_string"}}],"inLanguage":"en-US"},{"@type":"Organization","@id":"https:\/\/www.hijob.me\/business\/#organization","name":"VEGA - Safe AI f\u00fcr Recruiting von hijob","url":"https:\/\/www.hijob.me\/business\/","logo":{"@type":"ImageObject","inLanguage":"en-US","@id":"https:\/\/www.hijob.me\/business\/#\/schema\/logo\/image\/","url":"https:\/\/www.hijob.me\/business\/wp-content\/uploads\/2024\/08\/hijob-logo-square-white-800.jpeg","contentUrl":"https:\/\/www.hijob.me\/business\/wp-content\/uploads\/2024\/08\/hijob-logo-square-white-800.jpeg","width":800,"height":800,"caption":"VEGA - Safe AI f\u00fcr Recruiting von hijob"},"image":{"@id":"https:\/\/www.hijob.me\/business\/#\/schema\/logo\/image\/"},"sameAs":["https:\/\/www.facebook.com\/hijob.me","https:\/\/x.com\/hijob_me","https:\/\/www.linkedin.com\/company\/hijob-gmbh"]}]}},"_links":{"self":[{"href":"https:\/\/www.hijob.me\/business\/wp-json\/wp\/v2\/pages\/3672","targetHints":{"allow":["GET"]}}],"collection":[{"href":"https:\/\/www.hijob.me\/business\/wp-json\/wp\/v2\/pages"}],"about":[{"href":"https:\/\/www.hijob.me\/business\/wp-json\/wp\/v2\/types\/page"}],"author":[{"embeddable":true,"href":"https:\/\/www.hijob.me\/business\/wp-json\/wp\/v2\/users\/2"}],"replies":[{"embeddable":true,"href":"https:\/\/www.hijob.me\/business\/wp-json\/wp\/v2\/comments?post=3672"}],"version-history":[{"count":0,"href":"https:\/\/www.hijob.me\/business\/wp-json\/wp\/v2\/pages\/3672\/revisions"}],"wp:attachment":[{"href":"https:\/\/www.hijob.me\/business\/wp-json\/wp\/v2\/media?parent=3672"}],"curies":[{"name":"wp","href":"https:\/\/api.w.org\/{rel}","templated":true}]}}