{"id":19151,"date":"2024-08-05T12:48:00","date_gmt":"2024-08-05T12:48:00","guid":{"rendered":"https:\/\/www.hijob.me\/business\/?page_id=19151"},"modified":"2024-09-25T14:20:03","modified_gmt":"2024-09-25T14:20:03","slug":"vega-testen","status":"publish","type":"page","link":"https:\/\/www.hijob.me\/business\/vega-testen\/","title":{"rendered":"Erleben Sie die Magie von AI und testen Sie VEGA kostenlos"},"content":{"rendered":"<h2 style=\"text-align: center;\">Entschl\u00fcsseln Sie das Potenzial Ihrer Jobs<\/h2>\n<h2 style=\"text-align: center;\">Entschl\u00fcsseln Sie das Potenzial Ihrer Jobs<\/h2>\n<p><span><img decoding=\"async\" alt=\"\" data-id=\"19352\" width=\"543\" data-init-width=\"630\" height=\"663\" data-init-height=\"769\" title=\"VEGA Analyse Papierstapel gru\u0308n s\" src=\"https:\/\/www.hijob.me\/business\/wp-content\/uploads\/2024\/09\/VEGA-Analyse-Papierstapel-grun-s.jpeg\" data-width=\"543\" data-height=\"663\" style=\"aspect-ratio: auto 630 \/ 769;\" loading=\"lazy\"><\/span><\/p>\n<p style=\"\"><strong>Jede VEGA Insights-Analyse enth\u00e4lt<\/strong><\/p>\n<ul>\n<li style=\"\"><strong>Jobanalyse:<\/strong> relevante Stellentitel, relevante Skills und Karrierelevel, h\u00e4ufigste Sprachen und Bildungen<\/li>\n<li style=\"\"><strong>Wettbewerbsanalyse<\/strong>: Ihre Job-Wettbewerber, Anzahl passender Mitarbeiterinnen, Verweildauer der Talente<\/li>\n<li style=\"\"><strong>Potenzialanalyse<\/strong>: Anzahl passender Talente f\u00fcr Ihren Job, alternative Karrierepfade<\/li>\n<li style=\"\"><strong>Erl\u00e4uterungen<\/strong>, wie Sie die Analysen bestm\u00f6glich nutzen k\u00f6nnen<\/li>\n<\/ul>\n<p><span><img decoding=\"async\" alt=\"\" data-id=\"19374\" width=\"422\" data-init-width=\"506\" height=\"60\" data-init-height=\"72\" title=\"Jetzt herunterladen\" src=\"https:\/\/www.hijob.me\/business\/wp-content\/uploads\/2024\/09\/Jetzt-herunterladen.jpg\" data-width=\"422\" data-height=\"60\" style=\"aspect-ratio: auto 506 \/ 72;\" loading=\"lazy\"><\/span><\/p>\n<h3 style=\"text-align: center;\"><span style=\"--tcb-applied-color: var$(--tcb-color-2) !important; color: var(--tcb-color-2) !important;\">Kostenloser Download:<\/span>VEGA Insights zum Cloud Engineer in K\u00f6ln<\/h3>\n<h3 style=\"text-align: center;\"><span>Kostenloser Download:<\/span>VEGA-Analyse zum Cloud Engineer in K\u00f6ln<\/h3>\n<p style=\"\">Fordern Sie die&nbsp;<strong>kostenlose<\/strong> VEGA-Insights-Analyse an und lernen Sie, wie VEGA Ihr <strong>Recruiting beschleunigen<\/strong> und Ihr<strong>&nbsp;Budget sparen<\/strong> kann.<\/p>\n<p><span><img decoding=\"async\" alt=\"\" data-id=\"19423\" width=\"66\" data-init-width=\"300\" height=\"67\" data-init-height=\"301\" title=\"VEGA DSGVO konform\" src=\"https:\/\/www.hijob.me\/business\/wp-content\/uploads\/2024\/09\/VEGA-DSGVO-konform.jpg\" data-width=\"66\" data-height=\"67\" style=\"aspect-ratio: auto 300 \/ 301;\" loading=\"lazy\"><\/span><\/p>\n<p style=\"\">VEGA ist konform mit europ\u00e4ischen Datenschutzregelungen<\/p>\n<p><span><img decoding=\"async\" alt=\"\" data-id=\"19424\" width=\"113\" data-init-width=\"300\" height=\"113\" data-init-height=\"299\" title=\"VEGA SSL Verschlu\u0308sselung\" src=\"https:\/\/www.hijob.me\/business\/wp-content\/uploads\/2024\/09\/VEGA-SSL-Verschlusselung.jpg\" data-width=\"113\" data-height=\"113\" style=\"aspect-ratio: auto 300 \/ 299;\" loading=\"lazy\"><\/span><\/p>\n<p style=\"\">Datensicherheit und sichere Verbindung mitSSL-Verschl\u00fcsselung<\/p>\n<p><span><img decoding=\"async\" alt=\"\" data-id=\"19423\" width=\"66\" data-init-width=\"300\" height=\"67\" data-init-height=\"301\" title=\"VEGA DSGVO konform\" src=\"https:\/\/www.hijob.me\/business\/wp-content\/uploads\/2024\/09\/VEGA-DSGVO-konform.jpg\" data-width=\"66\" data-height=\"67\" style=\"aspect-ratio: auto 300 \/ 301;\" loading=\"lazy\"><\/span><\/p>\n<p style=\"\">VEGA ist konform mit europ\u00e4ischen Datenschutzregelungen<\/p>\n<p><span><img decoding=\"async\" alt=\"\" data-id=\"19424\" width=\"113\" data-init-width=\"300\" height=\"113\" data-init-height=\"299\" title=\"VEGA SSL Verschlu\u0308sselung\" src=\"https:\/\/www.hijob.me\/business\/wp-content\/uploads\/2024\/09\/VEGA-SSL-Verschlusselung.jpg\" data-width=\"113\" data-height=\"113\" style=\"aspect-ratio: auto 300 \/ 299;\" loading=\"lazy\"><\/span><\/p>\n<p style=\"\">Datensicherheit und sichere Verbindung mitSSL-Verschl\u00fcsselung<\/p>\n<p><span><img decoding=\"async\" alt=\"\" data-id=\"136\" width=\"\" height=\"undefined\" title=\"Deutsche Bank\" src=\"https:\/\/www.hijob.me\/business\/wp-content\/uploads\/2024\/06\/Deutsche-Bank.svg\" data-src=\"https:\/\/www.hijob.me\/business\/wp-content\/uploads\/2024\/06\/Deutsche-Bank.svg\" data-sizes=\"{&quot;full&quot;:{&quot;url&quot;:&quot;https:\/\/www.hijob.me\/business\/wp-content\/uploads\/2024\/06\/Deutsche-Bank.svg&quot;}}\" style=\"\" loading=\"lazy\"><\/span><span><img decoding=\"async\" alt=\"\" data-id=\"137\" width=\"\" height=\"undefined\" title=\"Ebene_1\" src=\"https:\/\/www.hijob.me\/business\/wp-content\/uploads\/2024\/06\/Ebene_1.svg\" data-src=\"https:\/\/www.hijob.me\/business\/wp-content\/uploads\/2024\/06\/Ebene_1.svg\" data-sizes=\"{&quot;full&quot;:{&quot;url&quot;:&quot;https:\/\/www.hijob.me\/business\/wp-content\/uploads\/2024\/06\/Ebene_1.svg&quot;}}\" style=\"\" loading=\"lazy\"><\/span><span><img decoding=\"async\" alt=\"\" data-id=\"138\" width=\"\" height=\"undefined\" title=\"Konika\" src=\"https:\/\/www.hijob.me\/business\/wp-content\/uploads\/2024\/06\/Konika.svg\" data-src=\"https:\/\/www.hijob.me\/business\/wp-content\/uploads\/2024\/06\/Konika.svg\" data-sizes=\"{&quot;full&quot;:{&quot;url&quot;:&quot;https:\/\/www.hijob.me\/business\/wp-content\/uploads\/2024\/06\/Konika.svg&quot;}}\" style=\"\" loading=\"lazy\"><\/span><span><img decoding=\"async\" alt=\"\" data-id=\"139\" width=\"\" height=\"undefined\" title=\"Layer_1\" src=\"https:\/\/www.hijob.me\/business\/wp-content\/uploads\/2024\/06\/Layer_1.svg\" data-src=\"https:\/\/www.hijob.me\/business\/wp-content\/uploads\/2024\/06\/Layer_1.svg\" data-sizes=\"{&quot;full&quot;:{&quot;url&quot;:&quot;https:\/\/www.hijob.me\/business\/wp-content\/uploads\/2024\/06\/Layer_1.svg&quot;}}\" style=\"\" loading=\"lazy\"><\/span><span><img decoding=\"async\" alt=\"\" data-id=\"289\" width=\"1500\" height=\"500\" title=\"rewe-h\" src=\"https:\/\/www.hijob.me\/business\/wp-content\/uploads\/2024\/07\/rewe-h-300x100.png\" data-src=\"https:\/\/www.hijob.me\/business\/wp-content\/uploads\/2024\/07\/rewe-h-300x100.png\" data-sizes=\"{&quot;thumbnail&quot;:{&quot;height&quot;:150,&quot;width&quot;:150,&quot;url&quot;:&quot;https:\/\/www.hijob.me\/business\/wp-content\/uploads\/2024\/07\/rewe-h-150x150.png&quot;,&quot;orientation&quot;:&quot;landscape&quot;},&quot;medium&quot;:{&quot;height&quot;:100,&quot;width&quot;:300,&quot;url&quot;:&quot;https:\/\/www.hijob.me\/business\/wp-content\/uploads\/2024\/07\/rewe-h-300x100.png&quot;,&quot;orientation&quot;:&quot;landscape&quot;},&quot;large&quot;:{&quot;height&quot;:341,&quot;width&quot;:1024,&quot;url&quot;:&quot;https:\/\/www.hijob.me\/business\/wp-content\/uploads\/2024\/07\/rewe-h-1024x341.png&quot;,&quot;orientation&quot;:&quot;landscape&quot;},&quot;full&quot;:{&quot;url&quot;:&quot;https:\/\/www.hijob.me\/business\/wp-content\/uploads\/2024\/07\/rewe-h.png&quot;,&quot;height&quot;:500,&quot;width&quot;:1500,&quot;orientation&quot;:&quot;landscape&quot;}}\" style=\"\" loading=\"lazy\"><\/span><span><img decoding=\"async\" alt=\"\" data-id=\"141\" width=\"\" height=\"undefined\" title=\"svg2407\" src=\"https:\/\/www.hijob.me\/business\/wp-content\/uploads\/2024\/06\/svg2407.svg\" data-src=\"https:\/\/www.hijob.me\/business\/wp-content\/uploads\/2024\/06\/svg2407.svg\" data-sizes=\"{&quot;full&quot;:{&quot;url&quot;:&quot;https:\/\/www.hijob.me\/business\/wp-content\/uploads\/2024\/06\/svg2407.svg&quot;}}\" style=\"\" loading=\"lazy\"><\/span><span><img decoding=\"async\" alt=\"\" data-id=\"19063\" width=\"798\" height=\"121\" title=\"Targobank-logo\" src=\"https:\/\/www.hijob.me\/business\/wp-content\/uploads\/2024\/07\/Targobank-logo-300x45.png\" data-src=\"https:\/\/www.hijob.me\/business\/wp-content\/uploads\/2024\/07\/Targobank-logo-300x45.png\" data-sizes=\"{&quot;thumbnail&quot;:{&quot;height&quot;:121,&quot;width&quot;:150,&quot;url&quot;:&quot;https:\/\/www.hijob.me\/business\/wp-content\/uploads\/2024\/07\/Targobank-logo-150x121.png&quot;,&quot;orientation&quot;:&quot;landscape&quot;},&quot;medium&quot;:{&quot;height&quot;:45,&quot;width&quot;:300,&quot;url&quot;:&quot;https:\/\/www.hijob.me\/business\/wp-content\/uploads\/2024\/07\/Targobank-logo-300x45.png&quot;,&quot;orientation&quot;:&quot;landscape&quot;},&quot;full&quot;:{&quot;url&quot;:&quot;https:\/\/www.hijob.me\/business\/wp-content\/uploads\/2024\/07\/Targobank-logo.png&quot;,&quot;height&quot;:121,&quot;width&quot;:798,&quot;orientation&quot;:&quot;landscape&quot;}}\" style=\"\" loading=\"lazy\"><\/span><span><img decoding=\"async\" alt=\"\" data-id=\"143\" width=\"\" height=\"undefined\" title=\"VHV\" src=\"https:\/\/www.hijob.me\/business\/wp-content\/uploads\/2024\/06\/VHV.svg\" data-src=\"https:\/\/www.hijob.me\/business\/wp-content\/uploads\/2024\/06\/VHV.svg\" data-sizes=\"{&quot;full&quot;:{&quot;url&quot;:&quot;https:\/\/www.hijob.me\/business\/wp-content\/uploads\/2024\/06\/VHV.svg&quot;}}\" style=\"\" loading=\"lazy\"><\/span><span><img decoding=\"async\" alt=\"\" data-id=\"291\" width=\"1500\" height=\"500\" title=\"bechtel-h\" src=\"https:\/\/www.hijob.me\/business\/wp-content\/uploads\/2024\/07\/bechtel-h-300x100.png\" data-src=\"https:\/\/www.hijob.me\/business\/wp-content\/uploads\/2024\/07\/bechtel-h-300x100.png\" data-sizes=\"{&quot;thumbnail&quot;:{&quot;height&quot;:150,&quot;width&quot;:150,&quot;url&quot;:&quot;https:\/\/www.hijob.me\/business\/wp-content\/uploads\/2024\/07\/bechtel-h-150x150.png&quot;,&quot;orientation&quot;:&quot;landscape&quot;},&quot;medium&quot;:{&quot;height&quot;:100,&quot;width&quot;:300,&quot;url&quot;:&quot;https:\/\/www.hijob.me\/business\/wp-content\/uploads\/2024\/07\/bechtel-h-300x100.png&quot;,&quot;orientation&quot;:&quot;landscape&quot;},&quot;large&quot;:{&quot;height&quot;:341,&quot;width&quot;:1024,&quot;url&quot;:&quot;https:\/\/www.hijob.me\/business\/wp-content\/uploads\/2024\/07\/bechtel-h-1024x341.png&quot;,&quot;orientation&quot;:&quot;landscape&quot;},&quot;full&quot;:{&quot;url&quot;:&quot;https:\/\/www.hijob.me\/business\/wp-content\/uploads\/2024\/07\/bechtel-h.png&quot;,&quot;height&quot;:500,&quot;width&quot;:1500,&quot;orientation&quot;:&quot;landscape&quot;}}\" style=\"\" loading=\"lazy\"><\/span><\/p>\n<h2 style=\"\">Sie wollen mehr \u00fcber VEGA erfahren?<\/h2>\n<p style=\"\">Unsere gro\u00dfe Leidenschaft ist die Technologie und die damit erm\u00f6glichte Innovationskraft f\u00fcr Unternehmen. Deswegen unterst\u00fctzen wir unsere Kunden und gerne auch Sie mit unseren Produkten sowohl in der strategischen Arbeit als auch in der operativen Umsetzung.<\/p>\n<p style=\"\">\n<p style=\"\">Unser kompetentes und sympathisches Team erkl\u00e4rt Ihnen gerne, wie Sie VEGA f\u00fcr Ihr Recruiting wirkungsstark einsetzen k\u00f6nnen.<\/p>\n","protected":false},"excerpt":{"rendered":"<p>Entschl\u00fcsseln Sie das Potenzial Ihrer Jobs Entschl\u00fcsseln Sie das Potenzial Ihrer Jobs Jede VEGA Insights-Analyse enth\u00e4lt Jobanalyse: relevante Stellentitel, relevante Skills und Karrierelevel, h\u00e4ufigste Sprachen und Bildungen Wettbewerbsanalyse: Ihre Job-Wettbewerber, Anzahl passender Mitarbeiterinnen, Verweildauer der Talente Potenzialanalyse: Anzahl passender Talente f\u00fcr Ihren Job, alternative Karrierepfade Erl\u00e4uterungen, wie Sie die Analysen bestm\u00f6glich nutzen k\u00f6nnen Kostenloser Download:VEGA [&hellip;]<\/p>\n","protected":false},"author":2,"featured_media":18933,"parent":0,"menu_order":0,"comment_status":"closed","ping_status":"closed","template":"","meta":{"footnotes":""},"class_list":["post-19151","page","type-page","status-publish","has-post-thumbnail","hentry","post-wrapper","thrv_wrapper"],"yoast_head":"<!-- This site is optimized with the Yoast SEO plugin v27.3 - https:\/\/yoast.com\/product\/yoast-seo-wordpress\/ -->\n<title>Erleben Sie die Magie von AI und testen Sie VEGA kostenlos - VEGA - Safe AI f\u00fcr Recruiting von hijob<\/title>\n<meta name=\"description\" content=\"Recruiting wird sich f\u00fcr immer ver\u00e4ndern. Nutze die Power von VEGA, um deine Recruitingprozesse neu zu definieren.\" \/>\n<meta name=\"robots\" content=\"index, follow, max-snippet:-1, max-image-preview:large, max-video-preview:-1\" \/>\n<link rel=\"canonical\" href=\"https:\/\/www.hijob.me\/business\/vega-testen\/\" \/>\n<meta property=\"og:locale\" content=\"en_US\" \/>\n<meta property=\"og:type\" content=\"article\" \/>\n<meta property=\"og:title\" content=\"Erleben Sie die Magie von AI und testen Sie VEGA kostenlos - VEGA - Safe AI f\u00fcr Recruiting von hijob\" \/>\n<meta property=\"og:description\" content=\"Recruiting wird sich f\u00fcr immer ver\u00e4ndern. Nutze die Power von VEGA, um deine Recruitingprozesse neu zu definieren.\" \/>\n<meta property=\"og:url\" content=\"https:\/\/www.hijob.me\/business\/vega-testen\/\" \/>\n<meta property=\"og:site_name\" content=\"VEGA - Safe AI f\u00fcr Recruiting von hijob\" \/>\n<meta property=\"article:publisher\" content=\"https:\/\/www.facebook.com\/hijob.me\" \/>\n<meta property=\"article:modified_time\" content=\"2024-09-25T14:20:03+00:00\" \/>\n<meta property=\"og:image\" content=\"https:\/\/www.hijob.me\/business\/wp-content\/uploads\/2024\/07\/VEGA-Preview-2.jpg\" \/>\n\t<meta property=\"og:image:width\" content=\"800\" \/>\n\t<meta property=\"og:image:height\" content=\"450\" \/>\n\t<meta property=\"og:image:type\" content=\"image\/jpeg\" \/>\n<meta name=\"twitter:card\" content=\"summary_large_image\" \/>\n<meta name=\"twitter:site\" content=\"@hijob_me\" \/>\n<meta name=\"twitter:label1\" content=\"Est. reading time\" \/>\n\t<meta name=\"twitter:data1\" content=\"5 minutes\" \/>\n<script type=\"application\/ld+json\" class=\"yoast-schema-graph\">{\"@context\":\"https:\\\/\\\/schema.org\",\"@graph\":[{\"@type\":\"WebPage\",\"@id\":\"https:\\\/\\\/www.hijob.me\\\/business\\\/vega-testen\\\/\",\"url\":\"https:\\\/\\\/www.hijob.me\\\/business\\\/vega-testen\\\/\",\"name\":\"Erleben Sie die Magie von AI und testen Sie VEGA kostenlos - VEGA - Safe AI f\u00fcr Recruiting von hijob\",\"isPartOf\":{\"@id\":\"https:\\\/\\\/www.hijob.me\\\/business\\\/#website\"},\"primaryImageOfPage\":{\"@id\":\"https:\\\/\\\/www.hijob.me\\\/business\\\/vega-testen\\\/#primaryimage\"},\"image\":{\"@id\":\"https:\\\/\\\/www.hijob.me\\\/business\\\/vega-testen\\\/#primaryimage\"},\"thumbnailUrl\":\"https:\\\/\\\/www.hijob.me\\\/business\\\/wp-content\\\/uploads\\\/2024\\\/07\\\/VEGA-Preview-2.jpg\",\"datePublished\":\"2024-08-05T12:48:00+00:00\",\"dateModified\":\"2024-09-25T14:20:03+00:00\",\"description\":\"Recruiting wird sich f\u00fcr immer ver\u00e4ndern. Nutze die Power von VEGA, um deine Recruitingprozesse neu zu definieren.\",\"breadcrumb\":{\"@id\":\"https:\\\/\\\/www.hijob.me\\\/business\\\/vega-testen\\\/#breadcrumb\"},\"inLanguage\":\"en-US\",\"potentialAction\":[{\"@type\":\"ReadAction\",\"target\":[\"https:\\\/\\\/www.hijob.me\\\/business\\\/vega-testen\\\/\"]}]},{\"@type\":\"ImageObject\",\"inLanguage\":\"en-US\",\"@id\":\"https:\\\/\\\/www.hijob.me\\\/business\\\/vega-testen\\\/#primaryimage\",\"url\":\"https:\\\/\\\/www.hijob.me\\\/business\\\/wp-content\\\/uploads\\\/2024\\\/07\\\/VEGA-Preview-2.jpg\",\"contentUrl\":\"https:\\\/\\\/www.hijob.me\\\/business\\\/wp-content\\\/uploads\\\/2024\\\/07\\\/VEGA-Preview-2.jpg\",\"width\":800,\"height\":450,\"caption\":\"Recruitment and Know-how meet Big Data and Real AI. This is VEGA.\"},{\"@type\":\"BreadcrumbList\",\"@id\":\"https:\\\/\\\/www.hijob.me\\\/business\\\/vega-testen\\\/#breadcrumb\",\"itemListElement\":[{\"@type\":\"ListItem\",\"position\":1,\"name\":\"Home\",\"item\":\"https:\\\/\\\/www.hijob.me\\\/business\\\/\"},{\"@type\":\"ListItem\",\"position\":2,\"name\":\"Erleben Sie die Magie von AI und testen Sie VEGA kostenlos\"}]},{\"@type\":\"WebSite\",\"@id\":\"https:\\\/\\\/www.hijob.me\\\/business\\\/#website\",\"url\":\"https:\\\/\\\/www.hijob.me\\\/business\\\/\",\"name\":\"VEGA - Safe AI f\u00fcr Recruiting von hijob\",\"description\":\"Unsere f\u00fcr Recruiter*innen entwickelte VEGA liefert Ihnen die Informationen, effizienter zu recruitieren.\",\"publisher\":{\"@id\":\"https:\\\/\\\/www.hijob.me\\\/business\\\/#organization\"},\"potentialAction\":[{\"@type\":\"SearchAction\",\"target\":{\"@type\":\"EntryPoint\",\"urlTemplate\":\"https:\\\/\\\/www.hijob.me\\\/business\\\/?s={search_term_string}\"},\"query-input\":{\"@type\":\"PropertyValueSpecification\",\"valueRequired\":true,\"valueName\":\"search_term_string\"}}],\"inLanguage\":\"en-US\"},{\"@type\":\"Organization\",\"@id\":\"https:\\\/\\\/www.hijob.me\\\/business\\\/#organization\",\"name\":\"VEGA - Safe AI f\u00fcr Recruiting von hijob\",\"url\":\"https:\\\/\\\/www.hijob.me\\\/business\\\/\",\"logo\":{\"@type\":\"ImageObject\",\"inLanguage\":\"en-US\",\"@id\":\"https:\\\/\\\/www.hijob.me\\\/business\\\/#\\\/schema\\\/logo\\\/image\\\/\",\"url\":\"https:\\\/\\\/www.hijob.me\\\/business\\\/wp-content\\\/uploads\\\/2024\\\/08\\\/hijob-logo-square-white-800.jpeg\",\"contentUrl\":\"https:\\\/\\\/www.hijob.me\\\/business\\\/wp-content\\\/uploads\\\/2024\\\/08\\\/hijob-logo-square-white-800.jpeg\",\"width\":800,\"height\":800,\"caption\":\"VEGA - Safe AI f\u00fcr Recruiting von hijob\"},\"image\":{\"@id\":\"https:\\\/\\\/www.hijob.me\\\/business\\\/#\\\/schema\\\/logo\\\/image\\\/\"},\"sameAs\":[\"https:\\\/\\\/www.facebook.com\\\/hijob.me\",\"https:\\\/\\\/x.com\\\/hijob_me\",\"https:\\\/\\\/www.linkedin.com\\\/company\\\/hijob-gmbh\"]}]}<\/script>\n<!-- \/ Yoast SEO plugin. -->","yoast_head_json":{"title":"Erleben Sie die Magie von AI und testen Sie VEGA kostenlos - VEGA - Safe AI f\u00fcr Recruiting von hijob","description":"Recruiting wird sich f\u00fcr immer ver\u00e4ndern. Nutze die Power von VEGA, um deine Recruitingprozesse neu zu definieren.","robots":{"index":"index","follow":"follow","max-snippet":"max-snippet:-1","max-image-preview":"max-image-preview:large","max-video-preview":"max-video-preview:-1"},"canonical":"https:\/\/www.hijob.me\/business\/vega-testen\/","og_locale":"en_US","og_type":"article","og_title":"Erleben Sie die Magie von AI und testen Sie VEGA kostenlos - VEGA - Safe AI f\u00fcr Recruiting von hijob","og_description":"Recruiting wird sich f\u00fcr immer ver\u00e4ndern. Nutze die Power von VEGA, um deine Recruitingprozesse neu zu definieren.","og_url":"https:\/\/www.hijob.me\/business\/vega-testen\/","og_site_name":"VEGA - Safe AI f\u00fcr Recruiting von hijob","article_publisher":"https:\/\/www.facebook.com\/hijob.me","article_modified_time":"2024-09-25T14:20:03+00:00","og_image":[{"width":800,"height":450,"url":"https:\/\/www.hijob.me\/business\/wp-content\/uploads\/2024\/07\/VEGA-Preview-2.jpg","type":"image\/jpeg"}],"twitter_card":"summary_large_image","twitter_site":"@hijob_me","twitter_misc":{"Est. reading time":"5 minutes"},"schema":{"@context":"https:\/\/schema.org","@graph":[{"@type":"WebPage","@id":"https:\/\/www.hijob.me\/business\/vega-testen\/","url":"https:\/\/www.hijob.me\/business\/vega-testen\/","name":"Erleben Sie die Magie von AI und testen Sie VEGA kostenlos - VEGA - Safe AI f\u00fcr Recruiting von hijob","isPartOf":{"@id":"https:\/\/www.hijob.me\/business\/#website"},"primaryImageOfPage":{"@id":"https:\/\/www.hijob.me\/business\/vega-testen\/#primaryimage"},"image":{"@id":"https:\/\/www.hijob.me\/business\/vega-testen\/#primaryimage"},"thumbnailUrl":"https:\/\/www.hijob.me\/business\/wp-content\/uploads\/2024\/07\/VEGA-Preview-2.jpg","datePublished":"2024-08-05T12:48:00+00:00","dateModified":"2024-09-25T14:20:03+00:00","description":"Recruiting wird sich f\u00fcr immer ver\u00e4ndern. Nutze die Power von VEGA, um deine Recruitingprozesse neu zu definieren.","breadcrumb":{"@id":"https:\/\/www.hijob.me\/business\/vega-testen\/#breadcrumb"},"inLanguage":"en-US","potentialAction":[{"@type":"ReadAction","target":["https:\/\/www.hijob.me\/business\/vega-testen\/"]}]},{"@type":"ImageObject","inLanguage":"en-US","@id":"https:\/\/www.hijob.me\/business\/vega-testen\/#primaryimage","url":"https:\/\/www.hijob.me\/business\/wp-content\/uploads\/2024\/07\/VEGA-Preview-2.jpg","contentUrl":"https:\/\/www.hijob.me\/business\/wp-content\/uploads\/2024\/07\/VEGA-Preview-2.jpg","width":800,"height":450,"caption":"Recruitment and Know-how meet Big Data and Real AI. This is VEGA."},{"@type":"BreadcrumbList","@id":"https:\/\/www.hijob.me\/business\/vega-testen\/#breadcrumb","itemListElement":[{"@type":"ListItem","position":1,"name":"Home","item":"https:\/\/www.hijob.me\/business\/"},{"@type":"ListItem","position":2,"name":"Erleben Sie die Magie von AI und testen Sie VEGA kostenlos"}]},{"@type":"WebSite","@id":"https:\/\/www.hijob.me\/business\/#website","url":"https:\/\/www.hijob.me\/business\/","name":"VEGA - Safe AI f\u00fcr Recruiting von hijob","description":"Unsere f\u00fcr Recruiter*innen entwickelte VEGA liefert Ihnen die Informationen, effizienter zu recruitieren.","publisher":{"@id":"https:\/\/www.hijob.me\/business\/#organization"},"potentialAction":[{"@type":"SearchAction","target":{"@type":"EntryPoint","urlTemplate":"https:\/\/www.hijob.me\/business\/?s={search_term_string}"},"query-input":{"@type":"PropertyValueSpecification","valueRequired":true,"valueName":"search_term_string"}}],"inLanguage":"en-US"},{"@type":"Organization","@id":"https:\/\/www.hijob.me\/business\/#organization","name":"VEGA - Safe AI f\u00fcr Recruiting von hijob","url":"https:\/\/www.hijob.me\/business\/","logo":{"@type":"ImageObject","inLanguage":"en-US","@id":"https:\/\/www.hijob.me\/business\/#\/schema\/logo\/image\/","url":"https:\/\/www.hijob.me\/business\/wp-content\/uploads\/2024\/08\/hijob-logo-square-white-800.jpeg","contentUrl":"https:\/\/www.hijob.me\/business\/wp-content\/uploads\/2024\/08\/hijob-logo-square-white-800.jpeg","width":800,"height":800,"caption":"VEGA - Safe AI f\u00fcr Recruiting von hijob"},"image":{"@id":"https:\/\/www.hijob.me\/business\/#\/schema\/logo\/image\/"},"sameAs":["https:\/\/www.facebook.com\/hijob.me","https:\/\/x.com\/hijob_me","https:\/\/www.linkedin.com\/company\/hijob-gmbh"]}]}},"_links":{"self":[{"href":"https:\/\/www.hijob.me\/business\/wp-json\/wp\/v2\/pages\/19151","targetHints":{"allow":["GET"]}}],"collection":[{"href":"https:\/\/www.hijob.me\/business\/wp-json\/wp\/v2\/pages"}],"about":[{"href":"https:\/\/www.hijob.me\/business\/wp-json\/wp\/v2\/types\/page"}],"author":[{"embeddable":true,"href":"https:\/\/www.hijob.me\/business\/wp-json\/wp\/v2\/users\/2"}],"replies":[{"embeddable":true,"href":"https:\/\/www.hijob.me\/business\/wp-json\/wp\/v2\/comments?post=19151"}],"version-history":[{"count":90,"href":"https:\/\/www.hijob.me\/business\/wp-json\/wp\/v2\/pages\/19151\/revisions"}],"predecessor-version":[{"id":19495,"href":"https:\/\/www.hijob.me\/business\/wp-json\/wp\/v2\/pages\/19151\/revisions\/19495"}],"wp:featuredmedia":[{"embeddable":true,"href":"https:\/\/www.hijob.me\/business\/wp-json\/wp\/v2\/media\/18933"}],"wp:attachment":[{"href":"https:\/\/www.hijob.me\/business\/wp-json\/wp\/v2\/media?parent=19151"}],"curies":[{"name":"wp","href":"https:\/\/api.w.org\/{rel}","templated":true}]}}