{"id":19033,"date":"2024-06-25T15:39:25","date_gmt":"2024-06-25T15:39:25","guid":{"rendered":"https:\/\/hijob.tasvirwebsolutions.com\/?page_id=106"},"modified":"2024-09-18T07:56:40","modified_gmt":"2024-09-18T07:56:40","slug":"vega","status":"publish","type":"page","link":"https:\/\/www.hijob.me\/business\/vega\/","title":{"rendered":"Eine neue \u00c4ra des Recruitings"},"content":{"rendered":"<h1 style=\"\">Wie sieht eigentlich das Recruiting der Zukunft aus?<\/h1>\n<p><span><img decoding=\"async\" alt=\"\" data-id=\"182\" width=\"714\" data-init-width=\"2560\" height=\"408\" data-init-height=\"1463\" title=\"VEGA definiert das Recruiting der Zukunft neu\" src=\"https:\/\/hijob.tasvirwebsolutions.com\/wp-content\/uploads\/2024\/06\/9011d12bed3258d6ec7692950de83aad-scaled.jpg\" data-width=\"714\" data-height=\"408\" style=\"aspect-ratio: auto 2560 \/ 1463;\" loading=\"lazy\"><\/span><\/p>\n<h2 style=\"\">Willkommen im Zeitalter von Vega.<\/h2>\n<p style=\"\">Wir leben in einer Zeit, in der immer mehr Wissen immer schneller flie\u00dft. Technologie entwickelt sich in noch nie gesehenem Tempo und die Gegenwart transformiert sich best\u00e4ndig \u2013 und zwar in jeder Branche; auch in denen, die sich mit Menschen befassen. Was andere als Widerspruch sehen, sehen wir als Chance: Bei Vega sehen wir uns als proaktive ArchitektInnen einer besseren Zukunft. Vega ist mehr als nur ein Produkt oder eine Dienstleistung; es ist ein Informations-\u00d6kosystem, das darauf ausgelegt ist, das Potenzial von Daten und Technologie zu nutzen und gleichzeitig menschliche Expertise und Wissen zu f\u00f6rdern. So erreichen wir das volle Potenzial von Recruitingprozessen, schaffen mehr Transparenz und helfen dabei, bessere Entscheidungen zu f\u00e4llen \u2013 f\u00fcr Arbeitgeber und Talents.<\/p>\n<p style=\"\">Was ist Vega?<\/p>\n<p>Vega ist ein eigenentwickelte Safe AI, die sich vollst\u00e4ndig auf die Besonderheiten der Recruitingbranche konzentriert. Das bedeutet f\u00fcr unsere KundInnen: Sie stellen uns Fragen, wir geben Antworten \u2013 und zwar mithilfe von Big Data, Machine Learning und Deep Learning zugespitzt auf den Bereich Recruiting. So sind unsere Daten aktueller als die von anderen GPT-Modellen. Wir wissen, wo branchenrelevante Talents sind, bei welchen Wettbewerbern sie arbeiten, was sie sich f\u00fcr einen Jobwechsel w\u00fcnschen, und wir kennen ihren Wechselturnus und k\u00f6nnen diese Daten in f\u00fcr jede Branche relevante Kontexte setzen. Immer lernf\u00e4hig und damit immer aktuell.<\/p>\n<p style=\"\">Unsere Vision: Das Potenzial von KI trifft menschliche Kompetenz<\/p>\n<p>Fortschritt ist nichts, was man anfasst. Fortschritt ist etwas, das man sp\u00fcrt. Wir liefern unseren Beitrag zu diesem sp\u00fcrbaren Fortschritt durch KI im Bereich Recruiting. Vega ist der Grundstein eines aufgeschlossenen Ansatzes, der eine Kultur formen will, in der Daten und Technologie nicht nur Werkzeuge, sondern Potenzierer menschlicher F\u00e4higkeiten sind. So stellen wir sicher, dass KI und menschliche Urteilskraft Hand in Hand gehen.<\/p>\n<p style=\"\">Der Vega-Faktor<\/p>\n<p>Wir ermutigen Organisationen, kreativ zu denken, offen zu diskutieren, kontinuierlich zu lernen und die Zukunft des Personalwesens proaktiv zu gestalten. Durch den Einsatz fortschrittlicher Algorithmen, KI und Big Data verwandelt Vega das Recruiting von einer reaktiven Funktion auf marktwirtschaftliche Gegebenheiten in eine proaktive, strategische Kraft. Mit Vega werden Daten zu Handlungsr\u00e4umen und Technologie wird zu einem Katalysator f\u00fcr das Wachstum von Expertisen und Talents.<\/p>\n<h2 style=\"\">Unsere Produkte<\/h2>\n<p style=\"\">Mit Vega helfen wir unseren Kunden nicht nur, den Markt in ihrer jeweiligen branche zu verstehen und die richtigen Talents zu finden \u2013 mit Hilfe unserer Daten und einer eigens entwickelten AI k\u00f6nnen wir auch R\u00fcckschl\u00fcsse darauf ziehen, wie sie die Talents gewinnen und halten k\u00f6nnen.<\/p>\n<p style=\"\">Insights<\/p>\n<h3 style=\"\">Vega Market Insights<\/h3>\n<p style=\"\">Der Arbeitsmarkt ver\u00e4ndert sich \u2013 und wir alle haben Fragen. Mit Vega finden wir Antworten. Antworten, die helfen, Recruiting besser, effizienter und zeitgem\u00e4\u00dfer zu machen. Daf\u00fcr m\u00fcssen wir verstehen, was zuk\u00fcnftigen Kandidaten wirklich wichtig ist und bei welchem Unternehmen in ihrem Umfeld sie gerade besch\u00e4ftigt sind.<\/p>\n<p style=\"\">Recruiting<\/p>\n<h3 style=\"\">Vega Active Recruiting Services<\/h3>\n<p style=\"\">Der richtige Einsatz von KI kann uns helfen, unsere Prozesse und Abl\u00e4ufe besser, schneller und effizienter zu machen. Mit Vega Recruiting Services bieten wir Ihnen genau das. Genau auf Ihre Anforderungen angepasst. Das beinhaltet drei voneinander unabh\u00e4ngige Optionen, die Ihren Recruiting Prozess ganz sicher auf das n\u00e4chste Level bringen.<\/p>\n<p><span><a href=\"https:\/\/www.hijob.me\/business\/vega-testen\/\"><img decoding=\"async\" alt=\"\" data-id=\"19352\" width=\"258\" data-init-width=\"630\" height=\"315\" data-init-height=\"769\" title=\"VEGA Analyse Papierstapel gru\u0308n s\" src=\"https:\/\/www.hijob.me\/business\/wp-content\/uploads\/2024\/09\/VEGA-Analyse-Papierstapel-grun-s.jpeg\" data-width=\"258\" data-height=\"315\" style=\"aspect-ratio: auto 630 \/ 769;\" data-link-wrap=\"true\" loading=\"lazy\"><\/a><\/span><\/p>\n<h3 style=\"\">VEGA Market Insights<\/h3>\n<h3 style=\"\"><span style=\"--tcb-text-highlight-color: var(--tcb-color-6) !important;\"><span style=\"--tcb-applied-color: var$(--tcb-color-2) !important; color: var(--tcb-color-2) !important;\">Kostenloser Download:<\/span> <\/span>Entschl\u00fcsseln Sie das Potenzial Ihrer Jobs<\/h3>\n<h3 style=\"\"><span><span>Kostenloser Download:<\/span> <\/span>Entschl\u00fcsseln Sie das Potenzial Ihrer Jobs<\/h3>\n<p style=\"\">Mit Vega Market Insights erstellen wir f\u00fcr Sie eine vollst\u00e4ndige Potenzialanalyse Ihres Jobs, analysieren Ihren Wettbewerb und unterst\u00fctzen Sie bei der Erstellung der perfekten Stellenanzeige.<\/p>\n<p style=\"\"><strong>Laden Sie eine kostenlose Analyse herunter<\/strong> und erleben Sie die Magie und Power von VEGA.<\/p>\n","protected":false},"excerpt":{"rendered":"<p>Wie sieht eigentlich das Recruiting der Zukunft aus? Willkommen im Zeitalter von Vega. Wir leben in einer Zeit, in der immer mehr Wissen immer schneller flie\u00dft. Technologie entwickelt sich in noch nie gesehenem Tempo und die Gegenwart transformiert sich best\u00e4ndig \u2013 und zwar in jeder Branche; auch in denen, die sich mit Menschen befassen. Was [&hellip;]<\/p>\n","protected":false},"author":4,"featured_media":19080,"parent":0,"menu_order":0,"comment_status":"closed","ping_status":"closed","template":"","meta":{"footnotes":"","tve_updated_post":"","tve_custom_css":"","tve_user_custom_css":"","tve_globals":{},"tcb2_ready":1,"tcb_editor_enabled":1,"tve_landing_page":"3a22d57d9140b5025a0010e858a1ea0e","_tve_header":"94","_tve_footer":"22"},"class_list":["post-19033","page","type-page","status-publish","has-post-thumbnail","hentry","post-wrapper","thrv_wrapper"],"yoast_head":"<!-- This site is optimized with the Yoast SEO plugin v27.6 - https:\/\/yoast.com\/product\/yoast-seo-wordpress\/ -->\n<title>Eine neue \u00c4ra des Recruitings - VEGA - Safe AI f\u00fcr Recruiting von hijob<\/title>\n<meta name=\"description\" content=\"VEGA ist unsere speziell f\u00fcr das Recruiting selbstentwickelte Safe AI, die Millionen von Talenten und Unternehmen f\u00fcr Sie analysiert und Ihnen die Erkenntnisse \u00fcbersichtlich und leicht verst\u00e4ndlich pr\u00e4sentiert.\" \/>\n<meta name=\"robots\" content=\"index, follow, max-snippet:-1, max-image-preview:large, max-video-preview:-1\" \/>\n<link rel=\"canonical\" href=\"https:\/\/www.hijob.me\/business\/vega\/\" \/>\n<meta property=\"og:locale\" content=\"en_US\" \/>\n<meta property=\"og:type\" content=\"article\" \/>\n<meta property=\"og:title\" content=\"Eine neue \u00c4ra des Recruitings - VEGA - Safe AI f\u00fcr Recruiting von hijob\" \/>\n<meta property=\"og:description\" content=\"VEGA ist unsere speziell f\u00fcr das Recruiting selbstentwickelte Safe AI, die Millionen von Talenten und Unternehmen f\u00fcr Sie analysiert und Ihnen die Erkenntnisse \u00fcbersichtlich und leicht verst\u00e4ndlich pr\u00e4sentiert.\" \/>\n<meta property=\"og:url\" content=\"https:\/\/www.hijob.me\/business\/vega\/\" \/>\n<meta property=\"og:site_name\" content=\"VEGA - Safe AI f\u00fcr Recruiting von hijob\" \/>\n<meta property=\"article:publisher\" content=\"https:\/\/www.facebook.com\/hijob.me\" \/>\n<meta property=\"article:modified_time\" content=\"2024-09-18T07:56:40+00:00\" \/>\n<meta property=\"og:image\" content=\"https:\/\/www.hijob.me\/business\/wp-content\/uploads\/2024\/07\/VEGA-hijob-new-era-of-recruitment-xxs-1.jpeg\" \/>\n\t<meta property=\"og:image:width\" content=\"1200\" \/>\n\t<meta property=\"og:image:height\" content=\"697\" \/>\n\t<meta property=\"og:image:type\" content=\"image\/jpeg\" \/>\n<meta name=\"twitter:card\" content=\"summary_large_image\" \/>\n<meta name=\"twitter:site\" content=\"@hijob_me\" \/>\n<meta name=\"twitter:label1\" content=\"Est. reading time\" \/>\n\t<meta name=\"twitter:data1\" content=\"5 minutes\" \/>\n<script type=\"application\/ld+json\" class=\"yoast-schema-graph\">{\"@context\":\"https:\\\/\\\/schema.org\",\"@graph\":[{\"@type\":\"WebPage\",\"@id\":\"https:\\\/\\\/www.hijob.me\\\/business\\\/vega\\\/\",\"url\":\"https:\\\/\\\/www.hijob.me\\\/business\\\/vega\\\/\",\"name\":\"Eine neue \u00c4ra des Recruitings - VEGA - Safe AI f\u00fcr Recruiting von hijob\",\"isPartOf\":{\"@id\":\"https:\\\/\\\/www.hijob.me\\\/business\\\/#website\"},\"primaryImageOfPage\":{\"@id\":\"https:\\\/\\\/www.hijob.me\\\/business\\\/vega\\\/#primaryimage\"},\"image\":{\"@id\":\"https:\\\/\\\/www.hijob.me\\\/business\\\/vega\\\/#primaryimage\"},\"thumbnailUrl\":\"https:\\\/\\\/www.hijob.me\\\/business\\\/wp-content\\\/uploads\\\/2024\\\/07\\\/VEGA-hijob-new-era-of-recruitment-xxs-1.jpeg\",\"datePublished\":\"2024-06-25T15:39:25+00:00\",\"dateModified\":\"2024-09-18T07:56:40+00:00\",\"description\":\"VEGA ist unsere speziell f\u00fcr das Recruiting selbstentwickelte Safe AI, die Millionen von Talenten und Unternehmen f\u00fcr Sie analysiert und Ihnen die Erkenntnisse \u00fcbersichtlich und leicht verst\u00e4ndlich pr\u00e4sentiert.\",\"breadcrumb\":{\"@id\":\"https:\\\/\\\/www.hijob.me\\\/business\\\/vega\\\/#breadcrumb\"},\"inLanguage\":\"en-US\",\"potentialAction\":[{\"@type\":\"ReadAction\",\"target\":[\"https:\\\/\\\/www.hijob.me\\\/business\\\/vega\\\/\"]}]},{\"@type\":\"ImageObject\",\"inLanguage\":\"en-US\",\"@id\":\"https:\\\/\\\/www.hijob.me\\\/business\\\/vega\\\/#primaryimage\",\"url\":\"https:\\\/\\\/www.hijob.me\\\/business\\\/wp-content\\\/uploads\\\/2024\\\/07\\\/VEGA-hijob-new-era-of-recruitment-xxs-1.jpeg\",\"contentUrl\":\"https:\\\/\\\/www.hijob.me\\\/business\\\/wp-content\\\/uploads\\\/2024\\\/07\\\/VEGA-hijob-new-era-of-recruitment-xxs-1.jpeg\",\"width\":1200,\"height\":697},{\"@type\":\"BreadcrumbList\",\"@id\":\"https:\\\/\\\/www.hijob.me\\\/business\\\/vega\\\/#breadcrumb\",\"itemListElement\":[{\"@type\":\"ListItem\",\"position\":1,\"name\":\"Home\",\"item\":\"https:\\\/\\\/www.hijob.me\\\/business\\\/\"},{\"@type\":\"ListItem\",\"position\":2,\"name\":\"Eine neue \u00c4ra des Recruitings\"}]},{\"@type\":\"WebSite\",\"@id\":\"https:\\\/\\\/www.hijob.me\\\/business\\\/#website\",\"url\":\"https:\\\/\\\/www.hijob.me\\\/business\\\/\",\"name\":\"VEGA - Safe AI f\u00fcr Recruiting von hijob\",\"description\":\"Unsere f\u00fcr Recruiter*innen entwickelte VEGA liefert Ihnen die Informationen, effizienter zu recruitieren.\",\"publisher\":{\"@id\":\"https:\\\/\\\/www.hijob.me\\\/business\\\/#organization\"},\"potentialAction\":[{\"@type\":\"SearchAction\",\"target\":{\"@type\":\"EntryPoint\",\"urlTemplate\":\"https:\\\/\\\/www.hijob.me\\\/business\\\/?s={search_term_string}\"},\"query-input\":{\"@type\":\"PropertyValueSpecification\",\"valueRequired\":true,\"valueName\":\"search_term_string\"}}],\"inLanguage\":\"en-US\"},{\"@type\":\"Organization\",\"@id\":\"https:\\\/\\\/www.hijob.me\\\/business\\\/#organization\",\"name\":\"VEGA - Safe AI f\u00fcr Recruiting von hijob\",\"url\":\"https:\\\/\\\/www.hijob.me\\\/business\\\/\",\"logo\":{\"@type\":\"ImageObject\",\"inLanguage\":\"en-US\",\"@id\":\"https:\\\/\\\/www.hijob.me\\\/business\\\/#\\\/schema\\\/logo\\\/image\\\/\",\"url\":\"https:\\\/\\\/www.hijob.me\\\/business\\\/wp-content\\\/uploads\\\/2024\\\/08\\\/hijob-logo-square-white-800.jpeg\",\"contentUrl\":\"https:\\\/\\\/www.hijob.me\\\/business\\\/wp-content\\\/uploads\\\/2024\\\/08\\\/hijob-logo-square-white-800.jpeg\",\"width\":800,\"height\":800,\"caption\":\"VEGA - Safe AI f\u00fcr Recruiting von hijob\"},\"image\":{\"@id\":\"https:\\\/\\\/www.hijob.me\\\/business\\\/#\\\/schema\\\/logo\\\/image\\\/\"},\"sameAs\":[\"https:\\\/\\\/www.facebook.com\\\/hijob.me\",\"https:\\\/\\\/x.com\\\/hijob_me\",\"https:\\\/\\\/www.linkedin.com\\\/company\\\/hijob-gmbh\"]}]}<\/script>\n<!-- \/ Yoast SEO plugin. -->","yoast_head_json":{"title":"Eine neue \u00c4ra des Recruitings - VEGA - Safe AI f\u00fcr Recruiting von hijob","description":"VEGA ist unsere speziell f\u00fcr das Recruiting selbstentwickelte Safe AI, die Millionen von Talenten und Unternehmen f\u00fcr Sie analysiert und Ihnen die Erkenntnisse \u00fcbersichtlich und leicht verst\u00e4ndlich pr\u00e4sentiert.","robots":{"index":"index","follow":"follow","max-snippet":"max-snippet:-1","max-image-preview":"max-image-preview:large","max-video-preview":"max-video-preview:-1"},"canonical":"https:\/\/www.hijob.me\/business\/vega\/","og_locale":"en_US","og_type":"article","og_title":"Eine neue \u00c4ra des Recruitings - VEGA - Safe AI f\u00fcr Recruiting von hijob","og_description":"VEGA ist unsere speziell f\u00fcr das Recruiting selbstentwickelte Safe AI, die Millionen von Talenten und Unternehmen f\u00fcr Sie analysiert und Ihnen die Erkenntnisse \u00fcbersichtlich und leicht verst\u00e4ndlich pr\u00e4sentiert.","og_url":"https:\/\/www.hijob.me\/business\/vega\/","og_site_name":"VEGA - Safe AI f\u00fcr Recruiting von hijob","article_publisher":"https:\/\/www.facebook.com\/hijob.me","article_modified_time":"2024-09-18T07:56:40+00:00","og_image":[{"width":1200,"height":697,"url":"https:\/\/www.hijob.me\/business\/wp-content\/uploads\/2024\/07\/VEGA-hijob-new-era-of-recruitment-xxs-1.jpeg","type":"image\/jpeg"}],"twitter_card":"summary_large_image","twitter_site":"@hijob_me","twitter_misc":{"Est. reading time":"5 minutes"},"schema":{"@context":"https:\/\/schema.org","@graph":[{"@type":"WebPage","@id":"https:\/\/www.hijob.me\/business\/vega\/","url":"https:\/\/www.hijob.me\/business\/vega\/","name":"Eine neue \u00c4ra des Recruitings - VEGA - Safe AI f\u00fcr Recruiting von hijob","isPartOf":{"@id":"https:\/\/www.hijob.me\/business\/#website"},"primaryImageOfPage":{"@id":"https:\/\/www.hijob.me\/business\/vega\/#primaryimage"},"image":{"@id":"https:\/\/www.hijob.me\/business\/vega\/#primaryimage"},"thumbnailUrl":"https:\/\/www.hijob.me\/business\/wp-content\/uploads\/2024\/07\/VEGA-hijob-new-era-of-recruitment-xxs-1.jpeg","datePublished":"2024-06-25T15:39:25+00:00","dateModified":"2024-09-18T07:56:40+00:00","description":"VEGA ist unsere speziell f\u00fcr das Recruiting selbstentwickelte Safe AI, die Millionen von Talenten und Unternehmen f\u00fcr Sie analysiert und Ihnen die Erkenntnisse \u00fcbersichtlich und leicht verst\u00e4ndlich pr\u00e4sentiert.","breadcrumb":{"@id":"https:\/\/www.hijob.me\/business\/vega\/#breadcrumb"},"inLanguage":"en-US","potentialAction":[{"@type":"ReadAction","target":["https:\/\/www.hijob.me\/business\/vega\/"]}]},{"@type":"ImageObject","inLanguage":"en-US","@id":"https:\/\/www.hijob.me\/business\/vega\/#primaryimage","url":"https:\/\/www.hijob.me\/business\/wp-content\/uploads\/2024\/07\/VEGA-hijob-new-era-of-recruitment-xxs-1.jpeg","contentUrl":"https:\/\/www.hijob.me\/business\/wp-content\/uploads\/2024\/07\/VEGA-hijob-new-era-of-recruitment-xxs-1.jpeg","width":1200,"height":697},{"@type":"BreadcrumbList","@id":"https:\/\/www.hijob.me\/business\/vega\/#breadcrumb","itemListElement":[{"@type":"ListItem","position":1,"name":"Home","item":"https:\/\/www.hijob.me\/business\/"},{"@type":"ListItem","position":2,"name":"Eine neue \u00c4ra des Recruitings"}]},{"@type":"WebSite","@id":"https:\/\/www.hijob.me\/business\/#website","url":"https:\/\/www.hijob.me\/business\/","name":"VEGA - Safe AI f\u00fcr Recruiting von hijob","description":"Unsere f\u00fcr Recruiter*innen entwickelte VEGA liefert Ihnen die Informationen, effizienter zu recruitieren.","publisher":{"@id":"https:\/\/www.hijob.me\/business\/#organization"},"potentialAction":[{"@type":"SearchAction","target":{"@type":"EntryPoint","urlTemplate":"https:\/\/www.hijob.me\/business\/?s={search_term_string}"},"query-input":{"@type":"PropertyValueSpecification","valueRequired":true,"valueName":"search_term_string"}}],"inLanguage":"en-US"},{"@type":"Organization","@id":"https:\/\/www.hijob.me\/business\/#organization","name":"VEGA - Safe AI f\u00fcr Recruiting von hijob","url":"https:\/\/www.hijob.me\/business\/","logo":{"@type":"ImageObject","inLanguage":"en-US","@id":"https:\/\/www.hijob.me\/business\/#\/schema\/logo\/image\/","url":"https:\/\/www.hijob.me\/business\/wp-content\/uploads\/2024\/08\/hijob-logo-square-white-800.jpeg","contentUrl":"https:\/\/www.hijob.me\/business\/wp-content\/uploads\/2024\/08\/hijob-logo-square-white-800.jpeg","width":800,"height":800,"caption":"VEGA - Safe AI f\u00fcr Recruiting von hijob"},"image":{"@id":"https:\/\/www.hijob.me\/business\/#\/schema\/logo\/image\/"},"sameAs":["https:\/\/www.facebook.com\/hijob.me","https:\/\/x.com\/hijob_me","https:\/\/www.linkedin.com\/company\/hijob-gmbh"]}]}},"_links":{"self":[{"href":"https:\/\/www.hijob.me\/business\/wp-json\/wp\/v2\/pages\/19033","targetHints":{"allow":["GET"]}}],"collection":[{"href":"https:\/\/www.hijob.me\/business\/wp-json\/wp\/v2\/pages"}],"about":[{"href":"https:\/\/www.hijob.me\/business\/wp-json\/wp\/v2\/types\/page"}],"author":[{"embeddable":true,"href":"https:\/\/www.hijob.me\/business\/wp-json\/wp\/v2\/users\/4"}],"replies":[{"embeddable":true,"href":"https:\/\/www.hijob.me\/business\/wp-json\/wp\/v2\/comments?post=19033"}],"version-history":[{"count":4,"href":"https:\/\/www.hijob.me\/business\/wp-json\/wp\/v2\/pages\/19033\/revisions"}],"predecessor-version":[{"id":19455,"href":"https:\/\/www.hijob.me\/business\/wp-json\/wp\/v2\/pages\/19033\/revisions\/19455"}],"wp:featuredmedia":[{"embeddable":true,"href":"https:\/\/www.hijob.me\/business\/wp-json\/wp\/v2\/media\/19080"}],"wp:attachment":[{"href":"https:\/\/www.hijob.me\/business\/wp-json\/wp\/v2\/media?parent=19033"}],"curies":[{"name":"wp","href":"https:\/\/api.w.org\/{rel}","templated":true}]}}