{"id":19016,"date":"2024-07-01T18:14:43","date_gmt":"2024-07-01T18:14:43","guid":{"rendered":"https:\/\/hijob.tasvirwebsolutions.com\/?page_id=196"},"modified":"2024-08-16T07:10:36","modified_gmt":"2024-08-16T07:10:36","slug":"about","status":"publish","type":"page","link":"https:\/\/www.hijob.me\/business\/about\/","title":{"rendered":"\u00dcber hijob"},"content":{"rendered":"<h1 style=\"\">&#8220;Wir machen das, weil wir Recruiting verbessern wollen!&#8221;<\/h1>\n<p><span><img decoding=\"async\" alt=\"\" data-id=\"199\" width=\"756\" data-init-width=\"800\" height=\"435\" data-init-height=\"460\" title=\"Frame 82\" src=\"https:\/\/hijob.tasvirwebsolutions.com\/wp-content\/uploads\/2024\/07\/Frame-82.png\" data-width=\"756\" data-height=\"435\" style=\"aspect-ratio: auto 800 \/ 460;\" loading=\"lazy\"><\/span><\/p>\n<h2 style=\"\">Willkommen bei Vega. Willkommen in der Zukunft.<\/h2>\n<p style=\"\">Als Founder stehen wir gemeinsam mit unserem Team hinter den Ergebnissen unserer Arbeit und freuen uns, gemeinsam mit unseren Kunden unser Produkt jeden Tag ein St\u00fcck besser machen zu k\u00f6nnen. Als junges Tech-Unternehmen in einem sich immer wieder stark ver\u00e4ndernden Markt sind unsere Werte und Prinzipien besonders wichtig f\u00fcr uns. Diese teilen und leben wir mit unserem Team aber auch mit unseren Kunden und Partnern.<\/p>\n<p style=\"\">Woran wir glauben: Unsere Prinzipien<\/p>\n<p>Unsere Prinzipien tragen wir in unserer Arbeit nach Au\u00dfen zu unseren Kunden und Partnern, leben sie aber auch nach Innen in und mit unseren Teams und Kollegen.<\/p>\n<p>\u2028Denn wir arbeiten von Menschen f\u00fcr Menschen. Das bedeutet, dass Technologie kein Selbstzweck ist \u2013 sie soll Menschen helfen. Deshalb priorisieren wir die Erg\u00e4nzung der menschlichen Urteilsf\u00e4higkeit mit unseren Daten, sodass Technologie zur Bef\u00e4higung dient und den Menschen nicht in den Schatten stellt. Wir wissen, dass wir die Zukunft nicht voraussagen k\u00f6nnen. Aber wir k\u00f6nnenWahrscheinlichkeiten berechnen. Bei uns f\u00f6rdern wir die Integration von KI, Big Data, Deep Learning und Machine Learning, um strategische Recruiting-Entscheidungen mit dem bestm\u00f6glichen Informationsgehalt zu st\u00fctzen.<\/p>\n<p>\u2028Wir warten nicht auf Fortschritt. Wir schaffen ihn gemeinsam. Dabei f\u00f6rdern wir ein kollaboratives \u00d6kosystem, in dem Ideen geteilt und Wissen gemeinsam erweitert wird. Und all das machen wir, weil wir positiv in die Zukunft blicken. Denn wir begr\u00fc\u00dfen Ver\u00e4nderungen und begleiten Unternehmen, sich an die entwickelnde Recruiting-Landschaft inklusive sich \u00e4ndernder Talent-Needs anzupassen.<\/p>\n<h2 style=\"\">Highlights<\/h2>\n<p style=\"\">Wir brennen mit gro\u00dfer Leidenschaft f\u00fcr Recruiting, HR und Technologie. Das zeigen wir nicht nur in unserer t\u00e4glichen Arbeit, sondern auch als Speaker auf zahlreichen Events und Messen, in unserem Podcast und in unterschiedlichen Publikationen.<\/p>\n<p style=\"\"><span data-attr-link=\"1\" data-attr-rel=\"0\" data-attr-target=\"0\" data-extra_key=\"\" data-option-inline=\"1\" data-shortcode=\"tcb_post_categories\" data-shortcode-name=\"List of Categories\" data-attr-static-link=\"{&quot;className&quot;:&quot;&quot;,&quot;href&quot;:&quot;https:\/\/www.hijob.me\/business\/category\/events\/&quot;,&quot;title&quot;:&quot;Events&quot;,&quot;data-css&quot;:&quot;tve-u-1909c421ec5&quot;,&quot;class&quot;:&quot;&quot;}\" data-attr-css=\"tve-u-1909c421ec5\"><a href=\"https:\/\/www.hijob.me\/business\/category\/events\/\" title=\"Events\">Events<\/a><\/span> <\/p>\n<p> <a href=\"https:\/\/www.hijob.me\/business\/wearedevelopers-world-congress-2024\/\" title=\"WeAreDevelopers World Congress 2024\" data-type-url=\"post_url\" data-type-display=\"default_image\" data-size=\"thumbnail\" data-post_id=\"257\"><img width=\"150\" height=\"150\" src=\"https:\/\/www.hijob.me\/business\/wp-content\/uploads\/2024\/07\/HalbeQualitatVollformat-150x150.jpg\" alt=\"Aussenansicht auf den S\u00fcdeingang der Messe Berlin. An der Glasfront ist ein gro\u00dfes Banner angebracht. Dort ist zu lesen: WeAreDevelopers. World Congress. The world&#039;s leading event for developers.\" decoding=\"async\" loading=\"lazy\" \/><\/a><\/p>\n<h2 style=\"\"><span data-attr-link=\"0\" data-attr-rel=\"0\" data-attr-target=\"0\" data-extra_key=\"\" data-option-inline=\"1\" data-shortcode=\"tcb_post_title\" data-shortcode-name=\"Post title\" style=\"\">WeAreDevelopers World Congress 2024<\/span><\/h2>\n<p>Wir haben uns gefreut, die neuesten Updates zu unserer Arbeit und Vega und die aktuellsten Entwicklungen und Trends auf dem WeAreDevelopers World Congress 2024 in Berlin mit Ihnen zu teilen. Hier sind einige Impressionen des Events: <a href=\"https:\/\/www.hijob.me\/business\/wearedevelopers-world-congress-2024\/#more-257\"><\/a><\/p>\n<p><a href=\"https:\/\/www.hijob.me\/business\/wearedevelopers-world-congress-2024\/\"><span><\/span><span><span style=\"\">Mehr erfahren<\/span><\/span><\/a><\/p>\n<h3 style=\"\">Helden der ArbeitUnser Podcast<\/h3>\n<p style=\"\"><span data-attr-link=\"1\" data-attr-rel=\"0\" data-attr-target=\"0\" data-extra_key=\"\" data-option-inline=\"1\" data-shortcode=\"tcb_post_categories\" data-shortcode-name=\"List of Categories\" data-attr-static-link=\"{&quot;className&quot;:&quot;&quot;,&quot;href&quot;:&quot;https:\/\/www.hijob.me\/business\/category\/podcasts\/&quot;,&quot;title&quot;:&quot;Podcasts&quot;,&quot;data-css&quot;:&quot;tve-u-1909c423f49&quot;,&quot;class&quot;:&quot;&quot;}\" data-attr-css=\"tve-u-1909c423f49\"><a href=\"https:\/\/www.hijob.me\/business\/category\/podcasts\/\" title=\"Podcasts\">Podcasts<\/a><\/span> <\/p>\n<p> <a href=\"https:\/\/www.hijob.me\/business\/wenn-der-motor-schurrt-muss-man-das-auch-zeigen-helden-der-arbeit\/\" title=\"Steckt KI drin, wenn KI draufsteht? &#8211; Helden der Arbeit\" data-type-url=\"post_url\" data-type-display=\"default_image\" data-size=\"thumbnail\" data-post_id=\"265\"><img width=\"150\" height=\"150\" src=\"https:\/\/www.hijob.me\/business\/wp-content\/uploads\/2024\/07\/Helden-der-Arbeit-Podcast-Cover-s-150x150.jpeg\" alt=\"\" decoding=\"async\" loading=\"lazy\" srcset=\"https:\/\/www.hijob.me\/business\/wp-content\/uploads\/2024\/07\/Helden-der-Arbeit-Podcast-Cover-s-150x150.jpeg 150w, https:\/\/www.hijob.me\/business\/wp-content\/uploads\/2024\/07\/Helden-der-Arbeit-Podcast-Cover-s-300x300.jpeg 300w, https:\/\/www.hijob.me\/business\/wp-content\/uploads\/2024\/07\/Helden-der-Arbeit-Podcast-Cover-s-768x768.jpeg 768w, https:\/\/www.hijob.me\/business\/wp-content\/uploads\/2024\/07\/Helden-der-Arbeit-Podcast-Cover-s.jpeg 800w\" sizes=\"auto, (max-width: 150px) 100vw, 150px\" \/><\/a><\/p>\n<h2 style=\"\"><span data-attr-link=\"0\" data-attr-rel=\"0\" data-attr-target=\"0\" data-extra_key=\"\" data-option-inline=\"1\" data-shortcode=\"tcb_post_title\" data-shortcode-name=\"Post title\" style=\"\">Steckt KI drin, wenn KI draufsteht? &#8211; Helden der Arbeit<\/span><\/h2>\n<p>\u00dcberall steht nun KI drauf. Investoren beklagen, dass Unternehmen, die vor zwei Jahren noch nicht wussten, wie man KI buchstabiert, auf einmal KI-Unternehmen sein wollen. Aber bin ich ein Autobauer, wenn mein Unternehmen Autos gekauft hat? Bin <a href=\"https:\/\/www.hijob.me\/business\/wenn-der-motor-schurrt-muss-man-das-auch-zeigen-helden-der-arbeit\/#more-265\"><\/a><\/p>\n<p><a href=\"https:\/\/www.hijob.me\/business\/wenn-der-motor-schurrt-muss-man-das-auch-zeigen-helden-der-arbeit\/\"><span><\/span><span><span style=\"\">Mehr erfahren<\/span><\/span><\/a><\/p>\n<p style=\"\"><span data-attr-link=\"1\" data-attr-rel=\"0\" data-attr-target=\"0\" data-extra_key=\"\" data-option-inline=\"1\" data-shortcode=\"tcb_post_categories\" data-shortcode-name=\"List of Categories\" data-attr-static-link=\"{&quot;className&quot;:&quot;&quot;,&quot;href&quot;:&quot;https:\/\/www.hijob.me\/business\/category\/webinars\/&quot;,&quot;title&quot;:&quot;Webinars&quot;,&quot;data-css&quot;:&quot;tve-u-1909c426c45&quot;,&quot;class&quot;:&quot;&quot;}\" data-attr-css=\"tve-u-1909c426c45\"><a href=\"https:\/\/www.hijob.me\/business\/category\/webinars\/\" title=\"Webinars\">Webinars<\/a><\/span> <\/p>\n<p> <a href=\"https:\/\/www.hijob.me\/business\/neues-zeitalter-des-recruitings-prazise-daten-statt-diffusem-bauchgefuhl-help-wanted\/\" title=\"Neues Zeitalter des Recruitings: Pr\u00e4zise Daten statt diffusem Bauchgef\u00fchl (Help wanted)\" data-type-url=\"post_url\" data-type-display=\"default_image\" data-size=\"medium\" data-post_id=\"243\"><img width=\"300\" height=\"169\" src=\"https:\/\/www.hijob.me\/business\/wp-content\/uploads\/2024\/07\/Vega-Rakete-300x169.jpg\" alt=\"Vega-Rakete\" decoding=\"async\" loading=\"lazy\" srcset=\"https:\/\/www.hijob.me\/business\/wp-content\/uploads\/2024\/07\/Vega-Rakete-300x169.jpg 300w, https:\/\/www.hijob.me\/business\/wp-content\/uploads\/2024\/07\/Vega-Rakete-1024x576.jpg 1024w, https:\/\/www.hijob.me\/business\/wp-content\/uploads\/2024\/07\/Vega-Rakete-768x432.jpg 768w, https:\/\/www.hijob.me\/business\/wp-content\/uploads\/2024\/07\/Vega-Rakete-1536x864.jpg 1536w, https:\/\/www.hijob.me\/business\/wp-content\/uploads\/2024\/07\/Vega-Rakete.jpg 1920w\" sizes=\"auto, (max-width: 300px) 100vw, 300px\" \/><\/a><\/p>\n<h2><span data-attr-link=\"0\" data-attr-rel=\"0\" data-attr-target=\"0\" data-extra_key=\"\" data-option-inline=\"1\" data-shortcode=\"tcb_post_title\" data-shortcode-name=\"Post title\" style=\"\">Neues Zeitalter des Recruitings: Pr\u00e4zise Daten statt diffusem Bauchgef\u00fchl (Help wanted)<\/span> <\/h2>\n<p> <a href=\"https:\/\/www.hijob.me\/business\/neues-zeitalter-des-recruitings-prazise-daten-statt-diffusem-bauchgefuhl-help-wanted\/\"><span><\/span><span><span style=\"\">Mehr erfahren<\/span><\/span><\/a><\/p>\n<p style=\"\"><span data-attr-link=\"1\" data-attr-rel=\"0\" data-attr-target=\"0\" data-extra_key=\"\" data-option-inline=\"1\" data-shortcode=\"tcb_post_categories\" data-shortcode-name=\"List of Categories\" data-attr-static-link=\"{&quot;className&quot;:&quot;&quot;,&quot;href&quot;:&quot;https:\/\/www.hijob.me\/business\/category\/webinars\/&quot;,&quot;title&quot;:&quot;Webinars&quot;,&quot;data-css&quot;:&quot;tve-u-1909c426c45&quot;,&quot;class&quot;:&quot;&quot;}\" data-attr-css=\"tve-u-1909c426c45\"><a href=\"https:\/\/www.hijob.me\/business\/category\/bewerbungstipps\/\" title=\"Bewerbungstipps\">Bewerbungstipps<\/a><\/span> <\/p>\n<p> <a href=\"https:\/\/www.hijob.me\/business\/vom-bibliothekar-zum-digital-marketing-manager-davids-erfolgsgeschichte-aus-hamburg\/\" title=\"Vom Bibliothekar zum Digital Marketing Manager \u2013 Davids Erfolgsgeschichte aus Hamburg\" data-type-url=\"post_url\" data-type-display=\"default_image\" data-size=\"medium\" data-post_id=\"239\"><img width=\"300\" height=\"169\" src=\"https:\/\/www.hijob.me\/business\/wp-content\/uploads\/2024\/07\/24f68748c9c4dbb83867b6060e1a2a58-300x169.png\" alt=\"\" decoding=\"async\" loading=\"lazy\" srcset=\"https:\/\/www.hijob.me\/business\/wp-content\/uploads\/2024\/07\/24f68748c9c4dbb83867b6060e1a2a58-300x169.png 300w, https:\/\/www.hijob.me\/business\/wp-content\/uploads\/2024\/07\/24f68748c9c4dbb83867b6060e1a2a58-1024x576.png 1024w, https:\/\/www.hijob.me\/business\/wp-content\/uploads\/2024\/07\/24f68748c9c4dbb83867b6060e1a2a58-768x432.png 768w, https:\/\/www.hijob.me\/business\/wp-content\/uploads\/2024\/07\/24f68748c9c4dbb83867b6060e1a2a58.png 1318w\" sizes=\"auto, (max-width: 300px) 100vw, 300px\" \/><\/a><\/p>\n<h2><span data-attr-link=\"0\" data-attr-rel=\"0\" data-attr-target=\"0\" data-extra_key=\"\" data-option-inline=\"1\" data-shortcode=\"tcb_post_title\" data-shortcode-name=\"Post title\" style=\"\">Vom Bibliothekar zum Digital Marketing Manager \u2013 Davids Erfolgsgeschichte aus Hamburg<\/span> <\/h2>\n<p> <a href=\"https:\/\/www.hijob.me\/business\/vom-bibliothekar-zum-digital-marketing-manager-davids-erfolgsgeschichte-aus-hamburg\/\"><span><\/span><span><span style=\"\">Mehr erfahren<\/span><\/span><\/a><\/p>\n<p style=\"\"><span data-attr-link=\"1\" data-attr-rel=\"0\" data-attr-target=\"0\" data-extra_key=\"\" data-option-inline=\"1\" data-shortcode=\"tcb_post_categories\" data-shortcode-name=\"List of Categories\" data-attr-static-link=\"{&quot;className&quot;:&quot;&quot;,&quot;href&quot;:&quot;https:\/\/www.hijob.me\/business\/category\/webinars\/&quot;,&quot;title&quot;:&quot;Webinars&quot;,&quot;data-css&quot;:&quot;tve-u-1909c426c45&quot;,&quot;class&quot;:&quot;&quot;}\" data-attr-css=\"tve-u-1909c426c45\"><a href=\"https:\/\/www.hijob.me\/business\/category\/bewerbungstipps\/\" title=\"Bewerbungstipps\">Bewerbungstipps<\/a><\/span> <\/p>\n<p> <a href=\"https:\/\/www.hijob.me\/business\/diversity-stellenanzeigen-wie-du-diversitatsfreundliche-arbeitgeber-bereits-an-der-jobausschreibung-erkennst\/\" title=\"Diversity &amp; Stellenanzeigen \u2013 Wie du diversit\u00e4tsfreundliche Arbeitgeber bereits an der Jobausschreibung erkennst\" data-type-url=\"post_url\" data-type-display=\"default_image\" data-size=\"medium\" data-post_id=\"235\"><img width=\"300\" height=\"172\" src=\"https:\/\/www.hijob.me\/business\/wp-content\/uploads\/2024\/07\/7e7696fcda4291bc0bd4b282d480b2bb-1-300x172.png\" alt=\"\" decoding=\"async\" loading=\"lazy\" srcset=\"https:\/\/www.hijob.me\/business\/wp-content\/uploads\/2024\/07\/7e7696fcda4291bc0bd4b282d480b2bb-1-300x172.png 300w, https:\/\/www.hijob.me\/business\/wp-content\/uploads\/2024\/07\/7e7696fcda4291bc0bd4b282d480b2bb-1-1024x586.png 1024w, https:\/\/www.hijob.me\/business\/wp-content\/uploads\/2024\/07\/7e7696fcda4291bc0bd4b282d480b2bb-1-768x439.png 768w, https:\/\/www.hijob.me\/business\/wp-content\/uploads\/2024\/07\/7e7696fcda4291bc0bd4b282d480b2bb-1.png 1318w\" sizes=\"auto, (max-width: 300px) 100vw, 300px\" \/><\/a><\/p>\n<h2><span data-attr-link=\"0\" data-attr-rel=\"0\" data-attr-target=\"0\" data-extra_key=\"\" data-option-inline=\"1\" data-shortcode=\"tcb_post_title\" data-shortcode-name=\"Post title\" style=\"\">Diversity &amp; Stellenanzeigen \u2013 Wie du diversit\u00e4tsfreundliche Arbeitgeber bereits an der Jobausschreibung erkennst<\/span> <\/h2>\n<p> <a href=\"https:\/\/www.hijob.me\/business\/diversity-stellenanzeigen-wie-du-diversitatsfreundliche-arbeitgeber-bereits-an-der-jobausschreibung-erkennst\/\"><span><\/span><span><span style=\"\">Mehr erfahren<\/span><\/span><\/a><a><span><span> All <\/span><\/span><\/a><a><span><span> Bewerbungstipps <\/span><\/span><\/a><a><span><span> Podcasts <\/span><\/span><\/a><a><span><span> Events <\/span><\/span><\/a><\/p>\n<p style=\"\">Insights<\/p>\n<h3 style=\"\">Vega Market Insights<\/h3>\n<p style=\"\">Der Arbeitsmarkt ver\u00e4ndert sich \u2013 und wir alle haben Fragen. Mit Vega finden wir Antworten. Antworten, die helfen, Recruiting besser, effizienter und zeitgem\u00e4\u00dfer zu machen. Daf\u00fcr m\u00fcssen wir verstehen, was zuk\u00fcnftigen Kandidaten wirklich wichtig ist und bei welchem Unternehmen in ihrem Umfeld sie gerade besch\u00e4ftigt sind.<\/p>\n<p style=\"\">Recruiting<\/p>\n<h3 style=\"\">Vega Active Recruiting Services<\/h3>\n<p style=\"\">Der richtige Einsatz von KI kann uns helfen, unsere Prozesse und Abl\u00e4ufe besser, schneller und effizienter zu machen. Mit Vega Recruiting Services bieten wir Ihnen genau das. Genau auf Ihre Anforderungen angepasst. Das beinhaltet drei voneinander unabh\u00e4ngige Optionen, die Ihren Recruiting Prozess ganz sicher auf das n\u00e4chste Level bringen.<\/p>\n","protected":false},"excerpt":{"rendered":"<p>&#8220;Wir machen das, weil wir Recruiting verbessern wollen!&#8221; Willkommen bei Vega. Willkommen in der Zukunft. Als Founder stehen wir gemeinsam mit unserem Team hinter den Ergebnissen unserer Arbeit und freuen uns, gemeinsam mit unseren Kunden unser Produkt jeden Tag ein St\u00fcck besser machen zu k\u00f6nnen. Als junges Tech-Unternehmen in einem sich immer wieder stark ver\u00e4ndernden [&hellip;]<\/p>\n","protected":false},"author":4,"featured_media":19251,"parent":0,"menu_order":0,"comment_status":"closed","ping_status":"closed","template":"","meta":{"footnotes":""},"class_list":["post-19016","page","type-page","status-publish","has-post-thumbnail","hentry","post-wrapper","thrv_wrapper"],"yoast_head":"<!-- This site is optimized with the Yoast SEO plugin v27.3 - https:\/\/yoast.com\/product\/yoast-seo-wordpress\/ -->\n<title>\u00dcber hijob - VEGA - Safe AI f\u00fcr Recruiting von hijob<\/title>\n<meta name=\"description\" content=\"hijob hilft Unternehmen, bessere und nachhaltigere Recruitingentscheidungen zu treffen - auf Basis von Daten, nicht von Bauchgef\u00fchl.\" \/>\n<meta name=\"robots\" content=\"index, follow, max-snippet:-1, max-image-preview:large, max-video-preview:-1\" \/>\n<link rel=\"canonical\" href=\"https:\/\/www.hijob.me\/business\/about\/\" \/>\n<meta property=\"og:locale\" content=\"en_US\" \/>\n<meta property=\"og:type\" content=\"article\" \/>\n<meta property=\"og:title\" content=\"\u00dcber hijob - VEGA - Safe AI f\u00fcr Recruiting von hijob\" \/>\n<meta property=\"og:description\" content=\"hijob hilft Unternehmen, bessere und nachhaltigere Recruitingentscheidungen zu treffen - auf Basis von Daten, nicht von Bauchgef\u00fchl.\" \/>\n<meta property=\"og:url\" content=\"https:\/\/www.hijob.me\/business\/about\/\" \/>\n<meta property=\"og:site_name\" content=\"VEGA - Safe AI f\u00fcr Recruiting von hijob\" \/>\n<meta property=\"article:publisher\" content=\"https:\/\/www.facebook.com\/hijob.me\" \/>\n<meta property=\"article:modified_time\" content=\"2024-08-16T07:10:36+00:00\" \/>\n<meta property=\"og:image\" content=\"https:\/\/www.hijob.me\/business\/wp-content\/uploads\/2024\/08\/VEGA-hilft-Ihnen-beim-Recruiting-1.jpg\" \/>\n\t<meta property=\"og:image:width\" content=\"1200\" \/>\n\t<meta property=\"og:image:height\" content=\"847\" \/>\n\t<meta property=\"og:image:type\" content=\"image\/jpeg\" \/>\n<meta name=\"twitter:card\" content=\"summary_large_image\" \/>\n<meta name=\"twitter:site\" content=\"@hijob_me\" \/>\n<meta name=\"twitter:label1\" content=\"Est. reading time\" \/>\n\t<meta name=\"twitter:data1\" content=\"6 minutes\" \/>\n<script type=\"application\/ld+json\" class=\"yoast-schema-graph\">{\"@context\":\"https:\\\/\\\/schema.org\",\"@graph\":[{\"@type\":\"WebPage\",\"@id\":\"https:\\\/\\\/www.hijob.me\\\/business\\\/about\\\/\",\"url\":\"https:\\\/\\\/www.hijob.me\\\/business\\\/about\\\/\",\"name\":\"\u00dcber hijob - VEGA - Safe AI f\u00fcr Recruiting von hijob\",\"isPartOf\":{\"@id\":\"https:\\\/\\\/www.hijob.me\\\/business\\\/#website\"},\"primaryImageOfPage\":{\"@id\":\"https:\\\/\\\/www.hijob.me\\\/business\\\/about\\\/#primaryimage\"},\"image\":{\"@id\":\"https:\\\/\\\/www.hijob.me\\\/business\\\/about\\\/#primaryimage\"},\"thumbnailUrl\":\"https:\\\/\\\/www.hijob.me\\\/business\\\/wp-content\\\/uploads\\\/2024\\\/08\\\/VEGA-hilft-Ihnen-beim-Recruiting-1.jpg\",\"datePublished\":\"2024-07-01T18:14:43+00:00\",\"dateModified\":\"2024-08-16T07:10:36+00:00\",\"description\":\"hijob hilft Unternehmen, bessere und nachhaltigere Recruitingentscheidungen zu treffen - auf Basis von Daten, nicht von Bauchgef\u00fchl.\",\"breadcrumb\":{\"@id\":\"https:\\\/\\\/www.hijob.me\\\/business\\\/about\\\/#breadcrumb\"},\"inLanguage\":\"en-US\",\"potentialAction\":[{\"@type\":\"ReadAction\",\"target\":[\"https:\\\/\\\/www.hijob.me\\\/business\\\/about\\\/\"]}]},{\"@type\":\"ImageObject\",\"inLanguage\":\"en-US\",\"@id\":\"https:\\\/\\\/www.hijob.me\\\/business\\\/about\\\/#primaryimage\",\"url\":\"https:\\\/\\\/www.hijob.me\\\/business\\\/wp-content\\\/uploads\\\/2024\\\/08\\\/VEGA-hilft-Ihnen-beim-Recruiting-1.jpg\",\"contentUrl\":\"https:\\\/\\\/www.hijob.me\\\/business\\\/wp-content\\\/uploads\\\/2024\\\/08\\\/VEGA-hilft-Ihnen-beim-Recruiting-1.jpg\",\"width\":1200,\"height\":847,\"caption\":\"sunset over a mountain in the style of the movie Tron --ar 67:71 --sref https:\\\/\\\/s.mj.run\\\/JrY06pW7bXQ Job ID: bebd7fcb-0d01-4897-a2a3-a9c3dad6c1b7\"},{\"@type\":\"BreadcrumbList\",\"@id\":\"https:\\\/\\\/www.hijob.me\\\/business\\\/about\\\/#breadcrumb\",\"itemListElement\":[{\"@type\":\"ListItem\",\"position\":1,\"name\":\"Home\",\"item\":\"https:\\\/\\\/www.hijob.me\\\/business\\\/\"},{\"@type\":\"ListItem\",\"position\":2,\"name\":\"\u00dcber hijob\"}]},{\"@type\":\"WebSite\",\"@id\":\"https:\\\/\\\/www.hijob.me\\\/business\\\/#website\",\"url\":\"https:\\\/\\\/www.hijob.me\\\/business\\\/\",\"name\":\"VEGA - Safe AI f\u00fcr Recruiting von hijob\",\"description\":\"Unsere f\u00fcr Recruiter*innen entwickelte VEGA liefert Ihnen die Informationen, effizienter zu recruitieren.\",\"publisher\":{\"@id\":\"https:\\\/\\\/www.hijob.me\\\/business\\\/#organization\"},\"potentialAction\":[{\"@type\":\"SearchAction\",\"target\":{\"@type\":\"EntryPoint\",\"urlTemplate\":\"https:\\\/\\\/www.hijob.me\\\/business\\\/?s={search_term_string}\"},\"query-input\":{\"@type\":\"PropertyValueSpecification\",\"valueRequired\":true,\"valueName\":\"search_term_string\"}}],\"inLanguage\":\"en-US\"},{\"@type\":\"Organization\",\"@id\":\"https:\\\/\\\/www.hijob.me\\\/business\\\/#organization\",\"name\":\"VEGA - Safe AI f\u00fcr Recruiting von hijob\",\"url\":\"https:\\\/\\\/www.hijob.me\\\/business\\\/\",\"logo\":{\"@type\":\"ImageObject\",\"inLanguage\":\"en-US\",\"@id\":\"https:\\\/\\\/www.hijob.me\\\/business\\\/#\\\/schema\\\/logo\\\/image\\\/\",\"url\":\"https:\\\/\\\/www.hijob.me\\\/business\\\/wp-content\\\/uploads\\\/2024\\\/08\\\/hijob-logo-square-white-800.jpeg\",\"contentUrl\":\"https:\\\/\\\/www.hijob.me\\\/business\\\/wp-content\\\/uploads\\\/2024\\\/08\\\/hijob-logo-square-white-800.jpeg\",\"width\":800,\"height\":800,\"caption\":\"VEGA - Safe AI f\u00fcr Recruiting von hijob\"},\"image\":{\"@id\":\"https:\\\/\\\/www.hijob.me\\\/business\\\/#\\\/schema\\\/logo\\\/image\\\/\"},\"sameAs\":[\"https:\\\/\\\/www.facebook.com\\\/hijob.me\",\"https:\\\/\\\/x.com\\\/hijob_me\",\"https:\\\/\\\/www.linkedin.com\\\/company\\\/hijob-gmbh\"]}]}<\/script>\n<!-- \/ Yoast SEO plugin. -->","yoast_head_json":{"title":"\u00dcber hijob - VEGA - Safe AI f\u00fcr Recruiting von hijob","description":"hijob hilft Unternehmen, bessere und nachhaltigere Recruitingentscheidungen zu treffen - auf Basis von Daten, nicht von Bauchgef\u00fchl.","robots":{"index":"index","follow":"follow","max-snippet":"max-snippet:-1","max-image-preview":"max-image-preview:large","max-video-preview":"max-video-preview:-1"},"canonical":"https:\/\/www.hijob.me\/business\/about\/","og_locale":"en_US","og_type":"article","og_title":"\u00dcber hijob - VEGA - Safe AI f\u00fcr Recruiting von hijob","og_description":"hijob hilft Unternehmen, bessere und nachhaltigere Recruitingentscheidungen zu treffen - auf Basis von Daten, nicht von Bauchgef\u00fchl.","og_url":"https:\/\/www.hijob.me\/business\/about\/","og_site_name":"VEGA - Safe AI f\u00fcr Recruiting von hijob","article_publisher":"https:\/\/www.facebook.com\/hijob.me","article_modified_time":"2024-08-16T07:10:36+00:00","og_image":[{"width":1200,"height":847,"url":"https:\/\/www.hijob.me\/business\/wp-content\/uploads\/2024\/08\/VEGA-hilft-Ihnen-beim-Recruiting-1.jpg","type":"image\/jpeg"}],"twitter_card":"summary_large_image","twitter_site":"@hijob_me","twitter_misc":{"Est. reading time":"6 minutes"},"schema":{"@context":"https:\/\/schema.org","@graph":[{"@type":"WebPage","@id":"https:\/\/www.hijob.me\/business\/about\/","url":"https:\/\/www.hijob.me\/business\/about\/","name":"\u00dcber hijob - VEGA - Safe AI f\u00fcr Recruiting von hijob","isPartOf":{"@id":"https:\/\/www.hijob.me\/business\/#website"},"primaryImageOfPage":{"@id":"https:\/\/www.hijob.me\/business\/about\/#primaryimage"},"image":{"@id":"https:\/\/www.hijob.me\/business\/about\/#primaryimage"},"thumbnailUrl":"https:\/\/www.hijob.me\/business\/wp-content\/uploads\/2024\/08\/VEGA-hilft-Ihnen-beim-Recruiting-1.jpg","datePublished":"2024-07-01T18:14:43+00:00","dateModified":"2024-08-16T07:10:36+00:00","description":"hijob hilft Unternehmen, bessere und nachhaltigere Recruitingentscheidungen zu treffen - auf Basis von Daten, nicht von Bauchgef\u00fchl.","breadcrumb":{"@id":"https:\/\/www.hijob.me\/business\/about\/#breadcrumb"},"inLanguage":"en-US","potentialAction":[{"@type":"ReadAction","target":["https:\/\/www.hijob.me\/business\/about\/"]}]},{"@type":"ImageObject","inLanguage":"en-US","@id":"https:\/\/www.hijob.me\/business\/about\/#primaryimage","url":"https:\/\/www.hijob.me\/business\/wp-content\/uploads\/2024\/08\/VEGA-hilft-Ihnen-beim-Recruiting-1.jpg","contentUrl":"https:\/\/www.hijob.me\/business\/wp-content\/uploads\/2024\/08\/VEGA-hilft-Ihnen-beim-Recruiting-1.jpg","width":1200,"height":847,"caption":"sunset over a mountain in the style of the movie Tron --ar 67:71 --sref https:\/\/s.mj.run\/JrY06pW7bXQ Job ID: bebd7fcb-0d01-4897-a2a3-a9c3dad6c1b7"},{"@type":"BreadcrumbList","@id":"https:\/\/www.hijob.me\/business\/about\/#breadcrumb","itemListElement":[{"@type":"ListItem","position":1,"name":"Home","item":"https:\/\/www.hijob.me\/business\/"},{"@type":"ListItem","position":2,"name":"\u00dcber hijob"}]},{"@type":"WebSite","@id":"https:\/\/www.hijob.me\/business\/#website","url":"https:\/\/www.hijob.me\/business\/","name":"VEGA - Safe AI f\u00fcr Recruiting von hijob","description":"Unsere f\u00fcr Recruiter*innen entwickelte VEGA liefert Ihnen die Informationen, effizienter zu recruitieren.","publisher":{"@id":"https:\/\/www.hijob.me\/business\/#organization"},"potentialAction":[{"@type":"SearchAction","target":{"@type":"EntryPoint","urlTemplate":"https:\/\/www.hijob.me\/business\/?s={search_term_string}"},"query-input":{"@type":"PropertyValueSpecification","valueRequired":true,"valueName":"search_term_string"}}],"inLanguage":"en-US"},{"@type":"Organization","@id":"https:\/\/www.hijob.me\/business\/#organization","name":"VEGA - Safe AI f\u00fcr Recruiting von hijob","url":"https:\/\/www.hijob.me\/business\/","logo":{"@type":"ImageObject","inLanguage":"en-US","@id":"https:\/\/www.hijob.me\/business\/#\/schema\/logo\/image\/","url":"https:\/\/www.hijob.me\/business\/wp-content\/uploads\/2024\/08\/hijob-logo-square-white-800.jpeg","contentUrl":"https:\/\/www.hijob.me\/business\/wp-content\/uploads\/2024\/08\/hijob-logo-square-white-800.jpeg","width":800,"height":800,"caption":"VEGA - Safe AI f\u00fcr Recruiting von hijob"},"image":{"@id":"https:\/\/www.hijob.me\/business\/#\/schema\/logo\/image\/"},"sameAs":["https:\/\/www.facebook.com\/hijob.me","https:\/\/x.com\/hijob_me","https:\/\/www.linkedin.com\/company\/hijob-gmbh"]}]}},"_links":{"self":[{"href":"https:\/\/www.hijob.me\/business\/wp-json\/wp\/v2\/pages\/19016","targetHints":{"allow":["GET"]}}],"collection":[{"href":"https:\/\/www.hijob.me\/business\/wp-json\/wp\/v2\/pages"}],"about":[{"href":"https:\/\/www.hijob.me\/business\/wp-json\/wp\/v2\/types\/page"}],"author":[{"embeddable":true,"href":"https:\/\/www.hijob.me\/business\/wp-json\/wp\/v2\/users\/4"}],"replies":[{"embeddable":true,"href":"https:\/\/www.hijob.me\/business\/wp-json\/wp\/v2\/comments?post=19016"}],"version-history":[{"count":3,"href":"https:\/\/www.hijob.me\/business\/wp-json\/wp\/v2\/pages\/19016\/revisions"}],"predecessor-version":[{"id":19294,"href":"https:\/\/www.hijob.me\/business\/wp-json\/wp\/v2\/pages\/19016\/revisions\/19294"}],"wp:featuredmedia":[{"embeddable":true,"href":"https:\/\/www.hijob.me\/business\/wp-json\/wp\/v2\/media\/19251"}],"wp:attachment":[{"href":"https:\/\/www.hijob.me\/business\/wp-json\/wp\/v2\/media?parent=19016"}],"curies":[{"name":"wp","href":"https:\/\/api.w.org\/{rel}","templated":true}]}}