{"id":10637,"date":"2020-09-03T09:42:35","date_gmt":"2020-09-03T07:42:35","guid":{"rendered":"https:\/\/www.hijob.me\/business\/?page_id=10637"},"modified":"2024-07-12T15:40:49","modified_gmt":"2024-07-12T15:40:49","slug":"faq-hijob-unternehmen","status":"publish","type":"page","link":"https:\/\/www.hijob.me\/business\/faq-hijob-unternehmen\/","title":{"rendered":"FAQ Unternehmen"},"content":{"rendered":"<h1 style=\"\"><strong>FAQ (H\u00e4ufig gestellte Fragen)<\/strong><\/h1>\n<p style=\"text-align: left;\">Einfaches, schnelles und risikofreies Recruiting &#8211; das ist hijob.<\/p>\n<p style=\"text-align: left;\">Wir helfen Ihnen gerne! Die meisten Antworten finden Sie in diesem FAQ.Ihre Frage wurde nicht beantwortet? <a href=\"#tve-jump-17454642e5d\" jump-animation=\"smooth\" style=\"outline: none;\">Kontaktieren<\/a> Sie uns gerne \u00fcber das nachfolgende Formular.<\/p>\n<h2 style=\"text-align: left;\"><strong>Sie haben mehr Fragen? Schreiben Sie uns.<\/strong><\/h2>\n<p style=\"\">Wir helfen gerne so schnell wie m\u00f6glich.<\/p>\n<p style=\"\">An Wochenenden und Feiertagen bitten wir um etwas Geduld bis zum n\u00e4chsten Werktag. Vielen Dank,<\/p>\n<p style=\"\">Ihr Team von hijob<\/p>\n<p style=\"text-align: center;\">Mit dem Absenden dieses Formulars best\u00e4tige ich, dass ich die <a href=\"https:\/\/www.hijob.me\/de\/privacy-policy\" target=\"_blank\" style=\"outline: none;\" rel=\"noopener\">Datenschutzerkl\u00e4rung<\/a> gelesen habe und stimme der Verarbeitung meiner pers\u00f6nlichen Daten durch hijob f\u00fcr die angegebenen Zwecke zu. Ich kann meine Einwilligung jederzeit widerrufen.<\/p>\n","protected":false},"excerpt":{"rendered":"<p>FAQ (H\u00e4ufig gestellte Fragen) Einfaches, schnelles und risikofreies Recruiting &#8211; das ist hijob. Wir helfen Ihnen gerne! Die meisten Antworten finden Sie in diesem FAQ.Ihre Frage wurde nicht beantwortet? Kontaktieren Sie uns gerne \u00fcber das nachfolgende Formular. Sie haben mehr Fragen? Schreiben Sie uns. Wir helfen gerne so schnell wie m\u00f6glich. An Wochenenden und Feiertagen [&hellip;]<\/p>\n","protected":false},"author":2,"featured_media":10628,"parent":0,"menu_order":0,"comment_status":"closed","ping_status":"closed","template":"","meta":{"footnotes":""},"class_list":["post-10637","page","type-page","status-publish","has-post-thumbnail","hentry","post-wrapper","thrv_wrapper"],"yoast_head":"<!-- This site is optimized with the Yoast SEO plugin v27.3 - https:\/\/yoast.com\/product\/yoast-seo-wordpress\/ -->\n<title>FAQ Unternehmen - H\u00e4ufige Fragen zu hijob + Kontakt<\/title>\n<meta name=\"description\" content=\"Mit hijob erhalten Sie passende Kandidatenvorschl\u00e4ge ohne Kostenrisiko. Wie das geht, erkl\u00e4ren wir Ihnen in diesen FAQ.\" \/>\n<meta name=\"robots\" content=\"index, follow, max-snippet:-1, max-image-preview:large, max-video-preview:-1\" \/>\n<link rel=\"canonical\" href=\"https:\/\/www.hijob.me\/business\/faq-hijob-unternehmen\/\" \/>\n<meta property=\"og:locale\" content=\"en_US\" \/>\n<meta property=\"og:type\" content=\"article\" \/>\n<meta property=\"og:title\" content=\"FAQ Unternehmen - H\u00e4ufige Fragen zu hijob + Kontakt\" \/>\n<meta property=\"og:description\" content=\"Mit hijob erhalten Sie passende Kandidatenvorschl\u00e4ge ohne Kostenrisiko. Wie das geht, erkl\u00e4ren wir Ihnen in diesen FAQ.\" \/>\n<meta property=\"og:url\" content=\"https:\/\/www.hijob.me\/business\/faq-hijob-unternehmen\/\" \/>\n<meta property=\"og:site_name\" content=\"VEGA - Safe AI f\u00fcr Recruiting von hijob\" \/>\n<meta property=\"article:publisher\" content=\"https:\/\/www.facebook.com\/hijob.me\" \/>\n<meta property=\"article:modified_time\" content=\"2024-07-12T15:40:49+00:00\" \/>\n<meta property=\"og:image\" content=\"https:\/\/www.hijob.me\/business\/wp-content\/uploads\/2020\/08\/Select-FollowUp-Cover-e1597260444337.jpeg\" \/>\n\t<meta property=\"og:image:width\" content=\"1000\" \/>\n\t<meta property=\"og:image:height\" content=\"563\" \/>\n\t<meta property=\"og:image:type\" content=\"image\/jpeg\" \/>\n<meta name=\"twitter:card\" content=\"summary_large_image\" \/>\n<meta name=\"twitter:site\" content=\"@hijob_me\" \/>\n<meta name=\"twitter:label1\" content=\"Est. reading time\" \/>\n\t<meta name=\"twitter:data1\" content=\"2 minutes\" \/>\n<script type=\"application\/ld+json\" class=\"yoast-schema-graph\">{\"@context\":\"https:\\\/\\\/schema.org\",\"@graph\":[{\"@type\":\"WebPage\",\"@id\":\"https:\\\/\\\/www.hijob.me\\\/business\\\/faq-hijob-unternehmen\\\/\",\"url\":\"https:\\\/\\\/www.hijob.me\\\/business\\\/faq-hijob-unternehmen\\\/\",\"name\":\"FAQ Unternehmen - H\u00e4ufige Fragen zu hijob + Kontakt\",\"isPartOf\":{\"@id\":\"https:\\\/\\\/www.hijob.me\\\/business\\\/#website\"},\"primaryImageOfPage\":{\"@id\":\"https:\\\/\\\/www.hijob.me\\\/business\\\/faq-hijob-unternehmen\\\/#primaryimage\"},\"image\":{\"@id\":\"https:\\\/\\\/www.hijob.me\\\/business\\\/faq-hijob-unternehmen\\\/#primaryimage\"},\"thumbnailUrl\":\"https:\\\/\\\/www.hijob.me\\\/business\\\/wp-content\\\/uploads\\\/2020\\\/08\\\/Select-FollowUp-Cover-e1597260444337.jpeg\",\"datePublished\":\"2020-09-03T07:42:35+00:00\",\"dateModified\":\"2024-07-12T15:40:49+00:00\",\"description\":\"Mit hijob erhalten Sie passende Kandidatenvorschl\u00e4ge ohne Kostenrisiko. Wie das geht, erkl\u00e4ren wir Ihnen in diesen FAQ.\",\"breadcrumb\":{\"@id\":\"https:\\\/\\\/www.hijob.me\\\/business\\\/faq-hijob-unternehmen\\\/#breadcrumb\"},\"inLanguage\":\"en-US\",\"potentialAction\":[{\"@type\":\"ReadAction\",\"target\":[\"https:\\\/\\\/www.hijob.me\\\/business\\\/faq-hijob-unternehmen\\\/\"]}]},{\"@type\":\"ImageObject\",\"inLanguage\":\"en-US\",\"@id\":\"https:\\\/\\\/www.hijob.me\\\/business\\\/faq-hijob-unternehmen\\\/#primaryimage\",\"url\":\"https:\\\/\\\/www.hijob.me\\\/business\\\/wp-content\\\/uploads\\\/2020\\\/08\\\/Select-FollowUp-Cover-e1597260444337.jpeg\",\"contentUrl\":\"https:\\\/\\\/www.hijob.me\\\/business\\\/wp-content\\\/uploads\\\/2020\\\/08\\\/Select-FollowUp-Cover-e1597260444337.jpeg\",\"width\":1000,\"height\":563},{\"@type\":\"BreadcrumbList\",\"@id\":\"https:\\\/\\\/www.hijob.me\\\/business\\\/faq-hijob-unternehmen\\\/#breadcrumb\",\"itemListElement\":[{\"@type\":\"ListItem\",\"position\":1,\"name\":\"Home\",\"item\":\"https:\\\/\\\/www.hijob.me\\\/business\\\/\"},{\"@type\":\"ListItem\",\"position\":2,\"name\":\"FAQ Unternehmen\"}]},{\"@type\":\"WebSite\",\"@id\":\"https:\\\/\\\/www.hijob.me\\\/business\\\/#website\",\"url\":\"https:\\\/\\\/www.hijob.me\\\/business\\\/\",\"name\":\"VEGA - Safe AI f\u00fcr Recruiting von hijob\",\"description\":\"Unsere f\u00fcr Recruiter*innen entwickelte VEGA liefert Ihnen die Informationen, effizienter zu recruitieren.\",\"publisher\":{\"@id\":\"https:\\\/\\\/www.hijob.me\\\/business\\\/#organization\"},\"potentialAction\":[{\"@type\":\"SearchAction\",\"target\":{\"@type\":\"EntryPoint\",\"urlTemplate\":\"https:\\\/\\\/www.hijob.me\\\/business\\\/?s={search_term_string}\"},\"query-input\":{\"@type\":\"PropertyValueSpecification\",\"valueRequired\":true,\"valueName\":\"search_term_string\"}}],\"inLanguage\":\"en-US\"},{\"@type\":\"Organization\",\"@id\":\"https:\\\/\\\/www.hijob.me\\\/business\\\/#organization\",\"name\":\"VEGA - Safe AI f\u00fcr Recruiting von hijob\",\"url\":\"https:\\\/\\\/www.hijob.me\\\/business\\\/\",\"logo\":{\"@type\":\"ImageObject\",\"inLanguage\":\"en-US\",\"@id\":\"https:\\\/\\\/www.hijob.me\\\/business\\\/#\\\/schema\\\/logo\\\/image\\\/\",\"url\":\"https:\\\/\\\/www.hijob.me\\\/business\\\/wp-content\\\/uploads\\\/2024\\\/08\\\/hijob-logo-square-white-800.jpeg\",\"contentUrl\":\"https:\\\/\\\/www.hijob.me\\\/business\\\/wp-content\\\/uploads\\\/2024\\\/08\\\/hijob-logo-square-white-800.jpeg\",\"width\":800,\"height\":800,\"caption\":\"VEGA - Safe AI f\u00fcr Recruiting von hijob\"},\"image\":{\"@id\":\"https:\\\/\\\/www.hijob.me\\\/business\\\/#\\\/schema\\\/logo\\\/image\\\/\"},\"sameAs\":[\"https:\\\/\\\/www.facebook.com\\\/hijob.me\",\"https:\\\/\\\/x.com\\\/hijob_me\",\"https:\\\/\\\/www.linkedin.com\\\/company\\\/hijob-gmbh\"]}]}<\/script>\n<!-- \/ Yoast SEO plugin. -->","yoast_head_json":{"title":"FAQ Unternehmen - H\u00e4ufige Fragen zu hijob + Kontakt","description":"Mit hijob erhalten Sie passende Kandidatenvorschl\u00e4ge ohne Kostenrisiko. Wie das geht, erkl\u00e4ren wir Ihnen in diesen FAQ.","robots":{"index":"index","follow":"follow","max-snippet":"max-snippet:-1","max-image-preview":"max-image-preview:large","max-video-preview":"max-video-preview:-1"},"canonical":"https:\/\/www.hijob.me\/business\/faq-hijob-unternehmen\/","og_locale":"en_US","og_type":"article","og_title":"FAQ Unternehmen - H\u00e4ufige Fragen zu hijob + Kontakt","og_description":"Mit hijob erhalten Sie passende Kandidatenvorschl\u00e4ge ohne Kostenrisiko. Wie das geht, erkl\u00e4ren wir Ihnen in diesen FAQ.","og_url":"https:\/\/www.hijob.me\/business\/faq-hijob-unternehmen\/","og_site_name":"VEGA - Safe AI f\u00fcr Recruiting von hijob","article_publisher":"https:\/\/www.facebook.com\/hijob.me","article_modified_time":"2024-07-12T15:40:49+00:00","og_image":[{"width":1000,"height":563,"url":"https:\/\/www.hijob.me\/business\/wp-content\/uploads\/2020\/08\/Select-FollowUp-Cover-e1597260444337.jpeg","type":"image\/jpeg"}],"twitter_card":"summary_large_image","twitter_site":"@hijob_me","twitter_misc":{"Est. reading time":"2 minutes"},"schema":{"@context":"https:\/\/schema.org","@graph":[{"@type":"WebPage","@id":"https:\/\/www.hijob.me\/business\/faq-hijob-unternehmen\/","url":"https:\/\/www.hijob.me\/business\/faq-hijob-unternehmen\/","name":"FAQ Unternehmen - H\u00e4ufige Fragen zu hijob + Kontakt","isPartOf":{"@id":"https:\/\/www.hijob.me\/business\/#website"},"primaryImageOfPage":{"@id":"https:\/\/www.hijob.me\/business\/faq-hijob-unternehmen\/#primaryimage"},"image":{"@id":"https:\/\/www.hijob.me\/business\/faq-hijob-unternehmen\/#primaryimage"},"thumbnailUrl":"https:\/\/www.hijob.me\/business\/wp-content\/uploads\/2020\/08\/Select-FollowUp-Cover-e1597260444337.jpeg","datePublished":"2020-09-03T07:42:35+00:00","dateModified":"2024-07-12T15:40:49+00:00","description":"Mit hijob erhalten Sie passende Kandidatenvorschl\u00e4ge ohne Kostenrisiko. Wie das geht, erkl\u00e4ren wir Ihnen in diesen FAQ.","breadcrumb":{"@id":"https:\/\/www.hijob.me\/business\/faq-hijob-unternehmen\/#breadcrumb"},"inLanguage":"en-US","potentialAction":[{"@type":"ReadAction","target":["https:\/\/www.hijob.me\/business\/faq-hijob-unternehmen\/"]}]},{"@type":"ImageObject","inLanguage":"en-US","@id":"https:\/\/www.hijob.me\/business\/faq-hijob-unternehmen\/#primaryimage","url":"https:\/\/www.hijob.me\/business\/wp-content\/uploads\/2020\/08\/Select-FollowUp-Cover-e1597260444337.jpeg","contentUrl":"https:\/\/www.hijob.me\/business\/wp-content\/uploads\/2020\/08\/Select-FollowUp-Cover-e1597260444337.jpeg","width":1000,"height":563},{"@type":"BreadcrumbList","@id":"https:\/\/www.hijob.me\/business\/faq-hijob-unternehmen\/#breadcrumb","itemListElement":[{"@type":"ListItem","position":1,"name":"Home","item":"https:\/\/www.hijob.me\/business\/"},{"@type":"ListItem","position":2,"name":"FAQ Unternehmen"}]},{"@type":"WebSite","@id":"https:\/\/www.hijob.me\/business\/#website","url":"https:\/\/www.hijob.me\/business\/","name":"VEGA - Safe AI f\u00fcr Recruiting von hijob","description":"Unsere f\u00fcr Recruiter*innen entwickelte VEGA liefert Ihnen die Informationen, effizienter zu recruitieren.","publisher":{"@id":"https:\/\/www.hijob.me\/business\/#organization"},"potentialAction":[{"@type":"SearchAction","target":{"@type":"EntryPoint","urlTemplate":"https:\/\/www.hijob.me\/business\/?s={search_term_string}"},"query-input":{"@type":"PropertyValueSpecification","valueRequired":true,"valueName":"search_term_string"}}],"inLanguage":"en-US"},{"@type":"Organization","@id":"https:\/\/www.hijob.me\/business\/#organization","name":"VEGA - Safe AI f\u00fcr Recruiting von hijob","url":"https:\/\/www.hijob.me\/business\/","logo":{"@type":"ImageObject","inLanguage":"en-US","@id":"https:\/\/www.hijob.me\/business\/#\/schema\/logo\/image\/","url":"https:\/\/www.hijob.me\/business\/wp-content\/uploads\/2024\/08\/hijob-logo-square-white-800.jpeg","contentUrl":"https:\/\/www.hijob.me\/business\/wp-content\/uploads\/2024\/08\/hijob-logo-square-white-800.jpeg","width":800,"height":800,"caption":"VEGA - Safe AI f\u00fcr Recruiting von hijob"},"image":{"@id":"https:\/\/www.hijob.me\/business\/#\/schema\/logo\/image\/"},"sameAs":["https:\/\/www.facebook.com\/hijob.me","https:\/\/x.com\/hijob_me","https:\/\/www.linkedin.com\/company\/hijob-gmbh"]}]}},"_links":{"self":[{"href":"https:\/\/www.hijob.me\/business\/wp-json\/wp\/v2\/pages\/10637","targetHints":{"allow":["GET"]}}],"collection":[{"href":"https:\/\/www.hijob.me\/business\/wp-json\/wp\/v2\/pages"}],"about":[{"href":"https:\/\/www.hijob.me\/business\/wp-json\/wp\/v2\/types\/page"}],"author":[{"embeddable":true,"href":"https:\/\/www.hijob.me\/business\/wp-json\/wp\/v2\/users\/2"}],"replies":[{"embeddable":true,"href":"https:\/\/www.hijob.me\/business\/wp-json\/wp\/v2\/comments?post=10637"}],"version-history":[{"count":4,"href":"https:\/\/www.hijob.me\/business\/wp-json\/wp\/v2\/pages\/10637\/revisions"}],"predecessor-version":[{"id":18907,"href":"https:\/\/www.hijob.me\/business\/wp-json\/wp\/v2\/pages\/10637\/revisions\/18907"}],"wp:featuredmedia":[{"embeddable":true,"href":"https:\/\/www.hijob.me\/business\/wp-json\/wp\/v2\/media\/10628"}],"wp:attachment":[{"href":"https:\/\/www.hijob.me\/business\/wp-json\/wp\/v2\/media?parent=10637"}],"curies":[{"name":"wp","href":"https:\/\/api.w.org\/{rel}","templated":true}]}}