{"id":2,"date":"2019-01-17T09:18:51","date_gmt":"2019-01-17T08:18:51","guid":{"rendered":"http:\/\/www.hijob.me\/blog\/?page_id=2"},"modified":"2023-11-08T09:38:26","modified_gmt":"2023-11-08T08:38:26","slug":"impressum","status":"publish","type":"page","link":"https:\/\/www.hijob.me\/blog\/impressum\/","title":{"rendered":"Impressum"},"content":{"rendered":"\t\t<div data-elementor-type=\"wp-page\" data-elementor-id=\"2\" class=\"elementor elementor-2\">\n\t\t\t\t\t\t<section class=\"elementor-section elementor-top-section elementor-element elementor-element-39e97176 elementor-section-boxed elementor-section-height-default elementor-section-height-default\" data-id=\"39e97176\" data-element_type=\"section\">\n\t\t\t\t\t\t<div class=\"elementor-container elementor-column-gap-default\">\n\t\t\t\t\t<div class=\"elementor-column elementor-col-100 elementor-top-column elementor-element elementor-element-1379d4dd\" data-id=\"1379d4dd\" data-element_type=\"column\">\n\t\t\t<div class=\"elementor-widget-wrap elementor-element-populated\">\n\t\t\t\t\t\t<div class=\"elementor-element elementor-element-d65ab92 elementor-widget elementor-widget-text-editor\" data-id=\"d65ab92\" data-element_type=\"widget\" data-widget_type=\"text-editor.default\">\n\t\t\t\t<div class=\"elementor-widget-container\">\n\t\t\t\t\t\t\t<p><!-- wp:paragraph --><\/p>\n<h2><strong>Inhaltlich Verantwortliche gem\u00e4\u00df \u00a75 und \u00a76 des Telemediengesetzes<\/strong><\/h2>\n<p><!-- \/wp:paragraph --><\/p>\n<p><!-- wp:paragraph --><\/p>\n<p><!-- \/wp:paragraph --><\/p>\n<p><!-- wp:heading {\"level\":3} --><\/p>\n<h3><b>\u00a0<\/b><\/h3>\n<p>\u00a0<\/p>\n<h4><b>hijob GmbH<\/b><\/h4>\n<p>\u00a0<\/p>\n<p>Anna-Schneider-Steig 2 Rheinauhafen<br \/>50678 K\u00f6ln<br \/>Deutschland<\/p>\n<p>HRB 84829 K\u00f6ln<br \/>Ust-IdNr.: DE 301188068<br \/>E-Mail: <a href=\"mailto:kontakt@hijob.me\" target=\"_blank\" rel=\"noreferrer noopener\">kontakt@hijob.me<br \/><\/a>Telefon: +49 221 &#8211; 64 30 44 70<br \/>montags bis freitags von 10.00 Uhr bis 17.00 Uhr<br \/><br \/><\/p>\n<p><!-- \/wp:paragraph --><\/p>\n<p><!-- wp:paragraph --><\/p>\n<p><!-- \/wp:paragraph --><\/p>\n<p><!-- wp:paragraph --><\/p>\n<p>\u00a0<\/p>\n<p>\u00a0<\/p>\n<h4><b>Inhaltlich Verantwortlicher gem\u00e4\u00df \u00a7 55 Absatz 2 RStV<\/b><\/h4>\n<p>Ren\u00e9 Tillmann<\/p>\n<p><!-- \/wp:paragraph --><\/p>\n<p><!-- wp:paragraph --><\/p>\n<p>\u00a0<\/p>\n<h4><b>Gesch\u00e4ftsf\u00fchrer<\/b><\/h4>\n<p>Ren\u00e9 Tillmann, Daniel Schaffeld<\/p>\n<p><!-- \/wp:paragraph --><\/p>\n<p><!-- wp:paragraph --><\/p>\n<p>\u00a0<\/p>\n<h4><b>Datenschutzbeauftragter<\/b><\/h4>\n<p>Amin Negm-Awad<br \/>Rechtsanwalt f\u00fcr IT- und Medienrecht<br \/>Datenschutzbeauftragte<br \/>Goebenstra\u00dfe 3<br \/>50672 K\u00f6ln<br \/>E-Mail: <a href=\"mailto:privacy@hijob.me\" target=\"_blank\" rel=\"noreferrer noopener\">privacy@hijob.me<\/a><br \/><br \/><\/p>\n<p><!-- \/wp:paragraph --><\/p>\n<p><!-- wp:heading --><\/p>\n<h4><b>Haftungshinweis<\/b><\/h4>\n<p><!-- \/wp:heading --><\/p>\n<p><!-- wp:paragraph --><\/p>\n<p>Trotz sorgf\u00e4ltiger inhaltlicher Kontrolle \u00fcbernehmen wir keine Haftung f\u00fcr die Inhalte externer Links. F\u00fcr den Inhalt der verlinkten Seiten sind ausschlie\u00dflich deren Betreiber verantwortlich.<\/p>\n<p><!-- \/wp:paragraph --><\/p>\n<p><!-- wp:paragraph --><\/p>\n<p>Die hijob GmbH ist alleiniger Inhaber der auf dieser Website erhobenen Informationen. Wir erheben nur Informationen, die uns helfen, den Service f\u00fcr Sie zu verbessern. Die Informationen werden nicht &#8211; ohne Ihr Einverst\u00e4ndnis &#8211; ver\u00e4u\u00dfert oder auf eine andere Weise, die nicht durch diese Erkl\u00e4rung ausgeschlossen ist, an andere weitergegeben, au\u00dfer, wenn wir dies in gutem Glauben aus gesetzlichen Gr\u00fcnden f\u00fcr notwendig halten oder wenn es notwendig ist, die Rechte und das Eigentum der <strong>hijob GmbH<\/strong> zu wahren, oder wenn die pers\u00f6nliche Sicherheit des Personals oder der \u00d6ffentlichkeit gef\u00e4hrdet ist.<br \/><br \/><\/p>\n<p><!-- \/wp:paragraph --><\/p>\n<p><!-- wp:heading --><\/p>\n<h4><b>Konzept und Realisierung<\/b><\/h4>\n<p><!-- \/wp:heading --><\/p>\n<p><!-- wp:paragraph --><\/p>\n<p>hijob GmbH<br \/><br \/><\/p>\n<p><!-- \/wp:paragraph --><\/p>\n<p><!-- wp:heading --><\/p>\n<h4><b>Bildernachweis<\/b><\/h4>\n<p><!-- \/wp:heading --><\/p>\n<p><!-- wp:paragraph --><\/p>\n<p>pexels, unsplash<\/p>\n<p><!-- \/wp:paragraph --><\/p>\t\t\t\t\t\t<\/div>\n\t\t\t\t<\/div>\n\t\t\t\t\t<\/div>\n\t\t<\/div>\n\t\t\t\t\t<\/div>\n\t\t<\/section>\n\t\t\t\t<\/div>\n\t\t","protected":false},"excerpt":{"rendered":"<p>Inhaltlich Verantwortliche gem\u00e4\u00df \u00a75 und \u00a76 des Telemediengesetzes \u00a0 \u00a0 hijob GmbH \u00a0 Anna-Schneider-Steig 2 Rheinauhafen50678 K\u00f6lnDeutschland HRB 84829 K\u00f6lnUst-IdNr.: DE 301188068E-Mail: kontakt@hijob.meTelefon: +49 221 &#8211; 64 30 44 70montags bis freitags von 10.00 Uhr bis 17.00 Uhr \u00a0 \u00a0 Inhaltlich Verantwortlicher gem\u00e4\u00df \u00a7 55 Absatz 2 RStV Ren\u00e9 Tillmann \u00a0 Gesch\u00e4ftsf\u00fchrer Ren\u00e9 Tillmann, Daniel [&hellip;]<\/p>\n","protected":false},"author":1,"featured_media":0,"parent":0,"menu_order":0,"comment_status":"closed","ping_status":"closed","template":"","meta":{"footnotes":""},"_links":{"self":[{"href":"https:\/\/www.hijob.me\/blog\/wp-json\/wp\/v2\/pages\/2"}],"collection":[{"href":"https:\/\/www.hijob.me\/blog\/wp-json\/wp\/v2\/pages"}],"about":[{"href":"https:\/\/www.hijob.me\/blog\/wp-json\/wp\/v2\/types\/page"}],"author":[{"embeddable":true,"href":"https:\/\/www.hijob.me\/blog\/wp-json\/wp\/v2\/users\/1"}],"replies":[{"embeddable":true,"href":"https:\/\/www.hijob.me\/blog\/wp-json\/wp\/v2\/comments?post=2"}],"version-history":[{"count":20,"href":"https:\/\/www.hijob.me\/blog\/wp-json\/wp\/v2\/pages\/2\/revisions"}],"predecessor-version":[{"id":4139,"href":"https:\/\/www.hijob.me\/blog\/wp-json\/wp\/v2\/pages\/2\/revisions\/4139"}],"wp:attachment":[{"href":"https:\/\/www.hijob.me\/blog\/wp-json\/wp\/v2\/media?parent=2"}],"curies":[{"name":"wp","href":"https:\/\/api.w.org\/{rel}","templated":true}]}}